{"id":1532,"date":"2024-01-25T12:43:21","date_gmt":"2024-01-25T11:43:21","guid":{"rendered":"https:\/\/bacum.info\/politique-de-confidentialite\/"},"modified":"2024-05-02T11:43:51","modified_gmt":"2024-05-02T09:43:51","slug":"politique-de-confidentialite","status":"publish","type":"page","link":"https:\/\/bacum.info\/fr\/politique-de-confidentialite\/","title":{"rendered":"Politique de confidentialit\u00e9"},"content":{"rendered":"[vc_row type=\u00a0\u00bbin_container\u00a0\u00bb full_screen_row_position=\u00a0\u00bbmiddle\u00a0\u00bb column_margin=\u00a0\u00bbdefault\u00a0\u00bb column_direction=\u00a0\u00bbdefault\u00a0\u00bb column_direction_tablet=\u00a0\u00bbdefault\u00a0\u00bb column_direction_phone=\u00a0\u00bbdefault\u00a0\u00bb scene_position=\u00a0\u00bbcenter\u00a0\u00bb bottom_margin=\u00a0\u00bb6em\u00a0\u00bb bottom_margin_tablet=\u00a0\u00bb3em\u00a0\u00bb text_color=\u00a0\u00bbdark\u00a0\u00bb text_align=\u00a0\u00bbleft\u00a0\u00bb row_border_radius=\u00a0\u00bbnone\u00a0\u00bb row_border_radius_applies=\u00a0\u00bbbg\u00a0\u00bb overflow=\u00a0\u00bbvisible\u00a0\u00bb overlay_strength=\u00a0\u00bb0.3&Prime; gradient_direction=\u00a0\u00bbleft_to_right\u00a0\u00bb shape_divider_position=\u00a0\u00bbbottom\u00a0\u00bb bg_image_animation=\u00a0\u00bbnone\u00a0\u00bb gradient_type=\u00a0\u00bbdefault\u00a0\u00bb shape_type=\u00a0\u00bb\u00a0\u00bb][vc_column column_padding=\u00a0\u00bbno-extra-padding\u00a0\u00bb column_padding_tablet=\u00a0\u00bbinherit\u00a0\u00bb column_padding_phone=\u00a0\u00bbinherit\u00a0\u00bb column_padding_position=\u00a0\u00bball\u00a0\u00bb column_element_direction_desktop=\u00a0\u00bbdefault\u00a0\u00bb column_element_spacing=\u00a0\u00bbdefault\u00a0\u00bb desktop_text_alignment=\u00a0\u00bbdefault\u00a0\u00bb tablet_text_alignment=\u00a0\u00bbdefault\u00a0\u00bb phone_text_alignment=\u00a0\u00bbdefault\u00a0\u00bb background_color_opacity=\u00a0\u00bb1&Prime; background_hover_color_opacity=\u00a0\u00bb1&Prime; column_backdrop_filter=\u00a0\u00bbnone\u00a0\u00bb column_shadow=\u00a0\u00bbnone\u00a0\u00bb column_border_radius=\u00a0\u00bbnone\u00a0\u00bb column_link_target=\u00a0\u00bb_self\u00a0\u00bb column_position=\u00a0\u00bbdefault\u00a0\u00bb gradient_direction=\u00a0\u00bbleft_to_right\u00a0\u00bb overlay_strength=\u00a0\u00bb0.3&Prime; width=\u00a0\u00bb1\/1&Prime; tablet_width_inherit=\u00a0\u00bbdefault\u00a0\u00bb animation_type=\u00a0\u00bbdefault\u00a0\u00bb bg_image_animation=\u00a0\u00bbnone\u00a0\u00bb border_type=\u00a0\u00bbsimple\u00a0\u00bb column_border_width=\u00a0\u00bbnone\u00a0\u00bb column_border_style=\u00a0\u00bbsolid\u00a0\u00bb][vc_column_text text_direction=\u00a0\u00bbdefault\u00a0\u00bb]Chez B\u00e0cum, nous appr\u00e9cions et respectons votre privacit\u00e9. La pr\u00e9sente politique de confidentialit\u00e9 d\u00e9crit la mani\u00e8re dont nous recueillons, utilisons et prot\u00e9geons les informations personnelles que vous fournissez par l&rsquo;interm\u00e9diaire de notre site web. En utilisant notre formulaire de contact, vous acceptez les pratiques d\u00e9crites dans la pr\u00e9sente politique de confidentialit\u00e9.<\/p>\n<h4>Collecte d&rsquo;informations :<\/h4>\n<p>Lorsque vous utilisez notre formulaire de contact, nous pouvons recueillir les informations personnelles suivantes :<\/p>\n<p>a) <strong>Nom<\/strong> : nous recueillons votre nom afin de pouvoir nous adresser \u00e0 vous de mani\u00e8re appropri\u00e9e.<br \/>\nb) <strong>T\u00e9l\u00e9phone (optionnel)<\/strong> : nous recueillons votre num\u00e9ro de t\u00e9l\u00e9phone afin de pouvoir vous contacter en cas de besoin.<br \/>\nc) <strong>Email<\/strong> : Nous recueillons votre adresse \u00e9lectronique afin de pouvoir r\u00e9pondre \u00e0 votre demande et maintenir une communication efficace.<br \/>\nd) <strong>Message<\/strong> : nous recueillons toute information que vous fournissez dans le message afin de mieux comprendre votre requ\u00eate ou votre demande.<\/p>\n<h4>Utilisation des informations :<\/h4>\n<p>Nous utilisons les informations collect\u00e9es par le biais de notre formulaire de contact dans le but de :<\/p>\n<p>a) r\u00e9pondre \u00e0 votre requ\u00eate ou \u00e0 votre demande de mani\u00e8re appropri\u00e9e.<br \/>\nb) communiquer avec vous pour vous fournir les informations demand\u00e9es ou pour r\u00e9soudre les probl\u00e8mes ou les questions que vous pourriez avoir.<br \/>\nc) am\u00e9liorer nos produits, nos services et notre site web.<\/p>\n<h4>Partage de l&rsquo;information :<\/h4>\n<p>Nous ne partagerons pas vos informations personnelles avec des tiers sans votre consentement, sauf si cela est n\u00e9cessaire pour se conformer \u00e0 une obligation l\u00e9gale ou si nous pensons en toute bonne foi qu&rsquo;une telle divulgation est n\u00e9cessaire pour prot\u00e9ger nos droits, votre s\u00e9curit\u00e9 ou la s\u00e9curit\u00e9 d&rsquo;autrui, enqu\u00eater sur une fraude ou r\u00e9pondre \u00e0 une demande du gouvernement.<\/p>\n<h4>S\u00e9curit\u00e9 de l&rsquo;information :<\/h4>\n<p>Nous mettons en \u0153uvre des mesures de s\u00e9curit\u00e9 raisonnables pour prot\u00e9ger vos informations personnelles contre l&rsquo;acc\u00e8s non autoris\u00e9, l&rsquo;utilisation abusive ou la divulgation. N\u00e9anmoins, veuillez noter qu&rsquo;aucune transmission de donn\u00e9es sur Internet ou m\u00e9thode de stockage \u00e9lectronique n&rsquo;est totalement s\u00fbre et que nous ne pouvons pas garantir la s\u00e9curit\u00e9 absolue de vos informations.<\/p>\n<h4>Conservation de l&rsquo;information :<\/h4>\n<p>Nous conserverons vos informations personnelles aussi longtemps que n\u00e9cessaire pour atteindre les objectifs pour lesquels elles ont \u00e9t\u00e9 collect\u00e9es et pour nous conformer \u00e0 nos obligations l\u00e9gales.<\/p>\n<h4>Droits de la privacit\u00e9 :<\/h4>\n<p>Vous disposez de certains droits en ce qui concerne vos informations personnelles. Vous pouvez demander l&rsquo;acc\u00e8s, la correction ou la suppression de vos donn\u00e9es personnelles en envoyant une demande \u00e9crite \u00e0 notre adresse de contact indiqu\u00e9e \u00e0 la fin de la pr\u00e9sente politique.<\/p>\n<h4>Modifications de la politique de confidentialit\u00e9 :<\/h4>\n<p>Nous nous r\u00e9servons le droit de mettre \u00e0 jour ou de modifier cette politique de confidentialit\u00e9 \u00e0 tout moment. Toute modification entrera en vigueur d\u00e8s sa publication sur notre site web.<\/p>\n<p>Si vous avez des questions ou des pr\u00e9occupations concernant notre politique de protection de la vie priv\u00e9e, n&rsquo;h\u00e9sitez pas \u00e0 nous contacter :<\/p>\n<p>B\u00e0cum<br \/>\nRamon i Cajal 101, baixos. Barcelone<br \/>\nEmail: <a href=\"mailto:info@bacum.com\">info@bacum.info<\/a><\/p>\n<p>Date d&rsquo;entr\u00e9e en vigueur: 30 janvier 2024.[\/vc_column_text][\/vc_column][\/vc_row]\n","protected":false},"excerpt":{"rendered":"<p>[vc_row type=\u00a0\u00bbin_container\u00a0\u00bb full_screen_row_position=\u00a0\u00bbmiddle\u00a0\u00bb column_margin=\u00a0\u00bbdefault\u00a0\u00bb column_direction=\u00a0\u00bbdefault\u00a0\u00bb column_direction_tablet=\u00a0\u00bbdefault\u00a0\u00bb column_direction_phone=\u00a0\u00bbdefault\u00a0\u00bb scene_position=\u00a0\u00bbcenter\u00a0\u00bb bottom_margin=\u00a0\u00bb6em\u00a0\u00bb bottom_margin_tablet=\u00a0\u00bb3em\u00a0\u00bb text_color=\u00a0\u00bbdark\u00a0\u00bb text_align=\u00a0\u00bbleft\u00a0\u00bb row_border_radius=\u00a0\u00bbnone\u00a0\u00bb row_border_radius_applies=\u00a0\u00bbbg\u00a0\u00bb overflow=\u00a0\u00bbvisible\u00a0\u00bb overlay_strength=\u00a0\u00bb0.3&Prime; gradient_direction=\u00a0\u00bbleft_to_right\u00a0\u00bb shape_divider_position=\u00a0\u00bbbottom\u00a0\u00bb bg_image_animation=\u00a0\u00bbnone\u00a0\u00bb gradient_type=\u00a0\u00bbdefault\u00a0\u00bb shape_type=\u00a0\u00bb\u00a0\u00bb][vc_column column_padding=\u00a0\u00bbno-extra-padding\u00a0\u00bb column_padding_tablet=\u00a0\u00bbinherit\u00a0\u00bb column_padding_phone=\u00a0\u00bbinherit\u00a0\u00bb column_padding_position=\u00a0\u00bball\u00a0\u00bb column_element_direction_desktop=\u00a0\u00bbdefault\u00a0\u00bb column_element_spacing=\u00a0\u00bbdefault\u00a0\u00bb desktop_text_alignment=\u00a0\u00bbdefault\u00a0\u00bb tablet_text_alignment=\u00a0\u00bbdefault\u00a0\u00bb phone_text_alignment=\u00a0\u00bbdefault\u00a0\u00bb&#8230;<\/p>\n","protected":false},"author":2,"featured_media":0,"parent":0,"menu_order":0,"comment_status":"closed","ping_status":"closed","template":"","meta":{"_acf_changed":false,"_price":"","_stock":"","_tribe_ticket_header":"","_tribe_default_ticket_provider":"","_tribe_ticket_capacity":"0","_ticket_start_date":"","_ticket_end_date":"","_tribe_ticket_show_description":"","_tribe_ticket_show_not_going":false,"_tribe_ticket_use_global_stock":"","_tribe_ticket_global_stock_level":"","_global_stock_mode":"","_global_stock_cap":"","_tribe_rsvp_for_event":"","_tribe_ticket_going_count":"","_tribe_ticket_not_going_count":"","_tribe_tickets_list":"[]","_tribe_ticket_has_attendee_info_fields":false,"_EventAllDay":false,"_EventTimezone":"","_EventStartDate":"","_EventEndDate":"","_EventStartDateUTC":"","_EventEndDateUTC":"","_EventShowMap":false,"_EventShowMapLink":false,"_EventURL":"","_EventCost":"","_EventCostDescription":"","_EventCurrencySymbol":"","_EventCurrencyCode":"","_EventCurrencyPosition":"","_EventDateTimeSeparator":"","_EventTimeRangeSeparator":"","_EventOrganizerID":[],"_EventVenueID":[],"_OrganizerEmail":"","_OrganizerPhone":"","_OrganizerWebsite":"","_VenueAddress":"","_VenueCity":"","_VenueCountry":"","_VenueProvince":"","_VenueState":"","_VenueZip":"","_VenuePhone":"","_VenueURL":"","_VenueStateProvince":"","_VenueLat":"","_VenueLng":"","_VenueShowMap":false,"_VenueShowMapLink":false,"footnotes":"","_tec_slr_enabled":"","_tec_slr_layout":""},"class_list":["post-1532","page","type-page","status-publish"],"acf":[],"yoast_head":"<!-- This site is optimized with the Yoast SEO plugin v27.5 - https:\/\/yoast.com\/product\/yoast-seo-wordpress\/ -->\n<title>Politique de confidentialit\u00e9 | B\u00e0cum<\/title>\n<meta name=\"robots\" content=\"noindex, follow\" \/>\n<meta property=\"og:locale\" content=\"fr_FR\" \/>\n<meta property=\"og:type\" content=\"article\" \/>\n<meta property=\"og:title\" content=\"Politique de confidentialit\u00e9 | B\u00e0cum\" \/>\n<meta property=\"og:description\" content=\"[vc_row type=\u00a0\u00bbin_container\u00a0\u00bb full_screen_row_position=\u00a0\u00bbmiddle\u00a0\u00bb column_margin=\u00a0\u00bbdefault\u00a0\u00bb column_direction=\u00a0\u00bbdefault\u00a0\u00bb column_direction_tablet=\u00a0\u00bbdefault\u00a0\u00bb column_direction_phone=\u00a0\u00bbdefault\u00a0\u00bb scene_position=\u00a0\u00bbcenter\u00a0\u00bb bottom_margin=\u00a0\u00bb6em\u00a0\u00bb bottom_margin_tablet=\u00a0\u00bb3em\u00a0\u00bb text_color=\u00a0\u00bbdark\u00a0\u00bb text_align=\u00a0\u00bbleft\u00a0\u00bb row_border_radius=\u00a0\u00bbnone\u00a0\u00bb row_border_radius_applies=\u00a0\u00bbbg\u00a0\u00bb overflow=\u00a0\u00bbvisible\u00a0\u00bb overlay_strength=\u00a0\u00bb0.3&Prime; gradient_direction=\u00a0\u00bbleft_to_right\u00a0\u00bb shape_divider_position=\u00a0\u00bbbottom\u00a0\u00bb bg_image_animation=\u00a0\u00bbnone\u00a0\u00bb gradient_type=\u00a0\u00bbdefault\u00a0\u00bb shape_type=\u00a0\u00bb\u00a0\u00bb][vc_column column_padding=\u00a0\u00bbno-extra-padding\u00a0\u00bb column_padding_tablet=\u00a0\u00bbinherit\u00a0\u00bb column_padding_phone=\u00a0\u00bbinherit\u00a0\u00bb column_padding_position=\u00a0\u00bball\u00a0\u00bb column_element_direction_desktop=\u00a0\u00bbdefault\u00a0\u00bb column_element_spacing=\u00a0\u00bbdefault\u00a0\u00bb desktop_text_alignment=\u00a0\u00bbdefault\u00a0\u00bb tablet_text_alignment=\u00a0\u00bbdefault\u00a0\u00bb phone_text_alignment=\u00a0\u00bbdefault\u00a0\u00bb...\" \/>\n<meta property=\"og:url\" content=\"https:\/\/bacum.info\/fr\/politique-de-confidentialite\/\" \/>\n<meta property=\"og:site_name\" content=\"B\u00e0cum\" \/>\n<meta property=\"article:publisher\" content=\"http:\/\/www.facebook.com\/bacum\" \/>\n<meta property=\"article:modified_time\" content=\"2024-05-02T09:43:51+00:00\" \/>\n<meta property=\"og:image\" content=\"https:\/\/bacum.info\/wp-content\/uploads\/2024\/01\/image-15.jpg\" \/>\n\t<meta property=\"og:image:width\" content=\"1440\" \/>\n\t<meta property=\"og:image:height\" content=\"665\" \/>\n\t<meta property=\"og:image:type\" content=\"image\/jpeg\" \/>\n<meta name=\"twitter:card\" content=\"summary_large_image\" \/>\n<meta name=\"twitter:site\" content=\"@bacumtweet\" \/>\n<meta name=\"twitter:label1\" content=\"Dur\u00e9e de lecture estim\u00e9e\" \/>\n\t<meta name=\"twitter:data1\" content=\"3 minutes\" \/>\n<script type=\"application\/ld+json\" class=\"yoast-schema-graph\">{\"@context\":\"https:\\\/\\\/schema.org\",\"@graph\":[{\"@type\":\"WebPage\",\"@id\":\"https:\\\/\\\/bacum.info\\\/fr\\\/politique-de-confidentialite\\\/\",\"url\":\"https:\\\/\\\/bacum.info\\\/fr\\\/politique-de-confidentialite\\\/\",\"name\":\"Politique de confidentialit\u00e9 | B\u00e0cum\",\"isPartOf\":{\"@id\":\"https:\\\/\\\/bacum.info\\\/fr\\\/#website\"},\"datePublished\":\"2024-01-25T11:43:21+00:00\",\"dateModified\":\"2024-05-02T09:43:51+00:00\",\"breadcrumb\":{\"@id\":\"https:\\\/\\\/bacum.info\\\/fr\\\/politique-de-confidentialite\\\/#breadcrumb\"},\"inLanguage\":\"fr-FR\",\"potentialAction\":[{\"@type\":\"ReadAction\",\"target\":[\"https:\\\/\\\/bacum.info\\\/fr\\\/politique-de-confidentialite\\\/\"]}]},{\"@type\":\"BreadcrumbList\",\"@id\":\"https:\\\/\\\/bacum.info\\\/fr\\\/politique-de-confidentialite\\\/#breadcrumb\",\"itemListElement\":[{\"@type\":\"ListItem\",\"position\":1,\"name\":\"Portada\",\"item\":\"https:\\\/\\\/bacum.info\\\/fr\\\/\"},{\"@type\":\"ListItem\",\"position\":2,\"name\":\"Politique de confidentialit\u00e9\"}]},{\"@type\":\"WebSite\",\"@id\":\"https:\\\/\\\/bacum.info\\\/fr\\\/#website\",\"url\":\"https:\\\/\\\/bacum.info\\\/fr\\\/\",\"name\":\"B\u00e0cum\",\"description\":\"Artes esc\u00e9nicas y visuales\",\"publisher\":{\"@id\":\"https:\\\/\\\/bacum.info\\\/fr\\\/#organization\"},\"potentialAction\":[{\"@type\":\"SearchAction\",\"target\":{\"@type\":\"EntryPoint\",\"urlTemplate\":\"https:\\\/\\\/bacum.info\\\/fr\\\/?s={search_term_string}\"},\"query-input\":{\"@type\":\"PropertyValueSpecification\",\"valueRequired\":true,\"valueName\":\"search_term_string\"}}],\"inLanguage\":\"fr-FR\"},{\"@type\":\"Organization\",\"@id\":\"https:\\\/\\\/bacum.info\\\/fr\\\/#organization\",\"name\":\"B\u00e0cum\",\"url\":\"https:\\\/\\\/bacum.info\\\/fr\\\/\",\"logo\":{\"@type\":\"ImageObject\",\"inLanguage\":\"fr-FR\",\"@id\":\"https:\\\/\\\/bacum.info\\\/fr\\\/#\\\/schema\\\/logo\\\/image\\\/\",\"url\":\"https:\\\/\\\/bacum.info\\\/wp-content\\\/uploads\\\/2024\\\/01\\\/logo.png\",\"contentUrl\":\"https:\\\/\\\/bacum.info\\\/wp-content\\\/uploads\\\/2024\\\/01\\\/logo.png\",\"width\":85,\"height\":117,\"caption\":\"B\u00e0cum\"},\"image\":{\"@id\":\"https:\\\/\\\/bacum.info\\\/fr\\\/#\\\/schema\\\/logo\\\/image\\\/\"},\"sameAs\":[\"http:\\\/\\\/www.facebook.com\\\/bacum\",\"https:\\\/\\\/x.com\\\/bacumtweet\",\"https:\\\/\\\/www.instagram.com\\\/mucabdans\\\/\"]}]}<\/script>\n<!-- \/ Yoast SEO plugin. -->","yoast_head_json":{"title":"Politique de confidentialit\u00e9 | B\u00e0cum","robots":{"index":"noindex","follow":"follow"},"og_locale":"fr_FR","og_type":"article","og_title":"Politique de confidentialit\u00e9 | B\u00e0cum","og_description":"[vc_row type=\u00a0\u00bbin_container\u00a0\u00bb full_screen_row_position=\u00a0\u00bbmiddle\u00a0\u00bb column_margin=\u00a0\u00bbdefault\u00a0\u00bb column_direction=\u00a0\u00bbdefault\u00a0\u00bb column_direction_tablet=\u00a0\u00bbdefault\u00a0\u00bb column_direction_phone=\u00a0\u00bbdefault\u00a0\u00bb scene_position=\u00a0\u00bbcenter\u00a0\u00bb bottom_margin=\u00a0\u00bb6em\u00a0\u00bb bottom_margin_tablet=\u00a0\u00bb3em\u00a0\u00bb text_color=\u00a0\u00bbdark\u00a0\u00bb text_align=\u00a0\u00bbleft\u00a0\u00bb row_border_radius=\u00a0\u00bbnone\u00a0\u00bb row_border_radius_applies=\u00a0\u00bbbg\u00a0\u00bb overflow=\u00a0\u00bbvisible\u00a0\u00bb overlay_strength=\u00a0\u00bb0.3&Prime; gradient_direction=\u00a0\u00bbleft_to_right\u00a0\u00bb shape_divider_position=\u00a0\u00bbbottom\u00a0\u00bb bg_image_animation=\u00a0\u00bbnone\u00a0\u00bb gradient_type=\u00a0\u00bbdefault\u00a0\u00bb shape_type=\u00a0\u00bb\u00a0\u00bb][vc_column column_padding=\u00a0\u00bbno-extra-padding\u00a0\u00bb column_padding_tablet=\u00a0\u00bbinherit\u00a0\u00bb column_padding_phone=\u00a0\u00bbinherit\u00a0\u00bb column_padding_position=\u00a0\u00bball\u00a0\u00bb column_element_direction_desktop=\u00a0\u00bbdefault\u00a0\u00bb column_element_spacing=\u00a0\u00bbdefault\u00a0\u00bb desktop_text_alignment=\u00a0\u00bbdefault\u00a0\u00bb tablet_text_alignment=\u00a0\u00bbdefault\u00a0\u00bb phone_text_alignment=\u00a0\u00bbdefault\u00a0\u00bb...","og_url":"https:\/\/bacum.info\/fr\/politique-de-confidentialite\/","og_site_name":"B\u00e0cum","article_publisher":"http:\/\/www.facebook.com\/bacum","article_modified_time":"2024-05-02T09:43:51+00:00","og_image":[{"width":1440,"height":665,"url":"https:\/\/bacum.info\/wp-content\/uploads\/2024\/01\/image-15.jpg","type":"image\/jpeg"}],"twitter_card":"summary_large_image","twitter_site":"@bacumtweet","twitter_misc":{"Dur\u00e9e de lecture estim\u00e9e":"3 minutes"},"schema":{"@context":"https:\/\/schema.org","@graph":[{"@type":"WebPage","@id":"https:\/\/bacum.info\/fr\/politique-de-confidentialite\/","url":"https:\/\/bacum.info\/fr\/politique-de-confidentialite\/","name":"Politique de confidentialit\u00e9 | B\u00e0cum","isPartOf":{"@id":"https:\/\/bacum.info\/fr\/#website"},"datePublished":"2024-01-25T11:43:21+00:00","dateModified":"2024-05-02T09:43:51+00:00","breadcrumb":{"@id":"https:\/\/bacum.info\/fr\/politique-de-confidentialite\/#breadcrumb"},"inLanguage":"fr-FR","potentialAction":[{"@type":"ReadAction","target":["https:\/\/bacum.info\/fr\/politique-de-confidentialite\/"]}]},{"@type":"BreadcrumbList","@id":"https:\/\/bacum.info\/fr\/politique-de-confidentialite\/#breadcrumb","itemListElement":[{"@type":"ListItem","position":1,"name":"Portada","item":"https:\/\/bacum.info\/fr\/"},{"@type":"ListItem","position":2,"name":"Politique de confidentialit\u00e9"}]},{"@type":"WebSite","@id":"https:\/\/bacum.info\/fr\/#website","url":"https:\/\/bacum.info\/fr\/","name":"B\u00e0cum","description":"Artes esc\u00e9nicas y visuales","publisher":{"@id":"https:\/\/bacum.info\/fr\/#organization"},"potentialAction":[{"@type":"SearchAction","target":{"@type":"EntryPoint","urlTemplate":"https:\/\/bacum.info\/fr\/?s={search_term_string}"},"query-input":{"@type":"PropertyValueSpecification","valueRequired":true,"valueName":"search_term_string"}}],"inLanguage":"fr-FR"},{"@type":"Organization","@id":"https:\/\/bacum.info\/fr\/#organization","name":"B\u00e0cum","url":"https:\/\/bacum.info\/fr\/","logo":{"@type":"ImageObject","inLanguage":"fr-FR","@id":"https:\/\/bacum.info\/fr\/#\/schema\/logo\/image\/","url":"https:\/\/bacum.info\/wp-content\/uploads\/2024\/01\/logo.png","contentUrl":"https:\/\/bacum.info\/wp-content\/uploads\/2024\/01\/logo.png","width":85,"height":117,"caption":"B\u00e0cum"},"image":{"@id":"https:\/\/bacum.info\/fr\/#\/schema\/logo\/image\/"},"sameAs":["http:\/\/www.facebook.com\/bacum","https:\/\/x.com\/bacumtweet","https:\/\/www.instagram.com\/mucabdans\/"]}]}},"ticketed":false,"_links":{"self":[{"href":"https:\/\/bacum.info\/fr\/wp-json\/wp\/v2\/pages\/1532","targetHints":{"allow":["GET"]}}],"collection":[{"href":"https:\/\/bacum.info\/fr\/wp-json\/wp\/v2\/pages"}],"about":[{"href":"https:\/\/bacum.info\/fr\/wp-json\/wp\/v2\/types\/page"}],"author":[{"embeddable":true,"href":"https:\/\/bacum.info\/fr\/wp-json\/wp\/v2\/users\/2"}],"replies":[{"embeddable":true,"href":"https:\/\/bacum.info\/fr\/wp-json\/wp\/v2\/comments?post=1532"}],"version-history":[{"count":6,"href":"https:\/\/bacum.info\/fr\/wp-json\/wp\/v2\/pages\/1532\/revisions"}],"predecessor-version":[{"id":1686,"href":"https:\/\/bacum.info\/fr\/wp-json\/wp\/v2\/pages\/1532\/revisions\/1686"}],"wp:attachment":[{"href":"https:\/\/bacum.info\/fr\/wp-json\/wp\/v2\/media?parent=1532"}],"curies":[{"name":"wp","href":"https:\/\/api.w.org\/{rel}","templated":true}]}}