{"id":1514,"date":"2024-01-26T09:54:33","date_gmt":"2024-01-26T08:54:33","guid":{"rendered":"https:\/\/bacum.info\/politique-des-cookies\/"},"modified":"2024-03-12T10:47:50","modified_gmt":"2024-03-12T09:47:50","slug":"politique-des-cookies","status":"publish","type":"page","link":"https:\/\/bacum.info\/fr\/politique-des-cookies\/","title":{"rendered":"Politique des cookies"},"content":{"rendered":"[vc_row type=\u00a0\u00bbin_container\u00a0\u00bb full_screen_row_position=\u00a0\u00bbmiddle\u00a0\u00bb column_margin=\u00a0\u00bbdefault\u00a0\u00bb column_direction=\u00a0\u00bbdefault\u00a0\u00bb column_direction_tablet=\u00a0\u00bbdefault\u00a0\u00bb column_direction_phone=\u00a0\u00bbdefault\u00a0\u00bb scene_position=\u00a0\u00bbcenter\u00a0\u00bb bottom_margin=\u00a0\u00bb6em\u00a0\u00bb bottom_margin_tablet=\u00a0\u00bb3em\u00a0\u00bb text_color=\u00a0\u00bbdark\u00a0\u00bb text_align=\u00a0\u00bbleft\u00a0\u00bb row_border_radius=\u00a0\u00bbnone\u00a0\u00bb row_border_radius_applies=\u00a0\u00bbbg\u00a0\u00bb overflow=\u00a0\u00bbvisible\u00a0\u00bb overlay_strength=\u00a0\u00bb0.3&Prime; gradient_direction=\u00a0\u00bbleft_to_right\u00a0\u00bb shape_divider_position=\u00a0\u00bbbottom\u00a0\u00bb bg_image_animation=\u00a0\u00bbnone\u00a0\u00bb gradient_type=\u00a0\u00bbdefault\u00a0\u00bb shape_type=\u00a0\u00bb\u00a0\u00bb][vc_column column_padding=\u00a0\u00bbno-extra-padding\u00a0\u00bb column_padding_tablet=\u00a0\u00bbinherit\u00a0\u00bb column_padding_phone=\u00a0\u00bbinherit\u00a0\u00bb column_padding_position=\u00a0\u00bball\u00a0\u00bb column_element_direction_desktop=\u00a0\u00bbdefault\u00a0\u00bb column_element_spacing=\u00a0\u00bbdefault\u00a0\u00bb desktop_text_alignment=\u00a0\u00bbdefault\u00a0\u00bb tablet_text_alignment=\u00a0\u00bbdefault\u00a0\u00bb phone_text_alignment=\u00a0\u00bbdefault\u00a0\u00bb background_color_opacity=\u00a0\u00bb1&Prime; background_hover_color_opacity=\u00a0\u00bb1&Prime; column_backdrop_filter=\u00a0\u00bbnone\u00a0\u00bb column_shadow=\u00a0\u00bbnone\u00a0\u00bb column_border_radius=\u00a0\u00bbnone\u00a0\u00bb column_link_target=\u00a0\u00bb_self\u00a0\u00bb column_position=\u00a0\u00bbdefault\u00a0\u00bb gradient_direction=\u00a0\u00bbleft_to_right\u00a0\u00bb overlay_strength=\u00a0\u00bb0.3&Prime; width=\u00a0\u00bb1\/1&Prime; tablet_width_inherit=\u00a0\u00bbdefault\u00a0\u00bb animation_type=\u00a0\u00bbdefault\u00a0\u00bb bg_image_animation=\u00a0\u00bbnone\u00a0\u00bb border_type=\u00a0\u00bbsimple\u00a0\u00bb column_border_width=\u00a0\u00bbnone\u00a0\u00bb column_border_style=\u00a0\u00bbsolid\u00a0\u00bb][vc_column_text text_direction=\u00a0\u00bbdefault\u00a0\u00bb]\n<div class=\"wpb_text_column wpb_content_element vc_custom_1533312705391\">\n<div class=\"wpb_wrapper\">\n<p>La pr\u00e9sente politique en mati\u00e8re de cookies d\u00e9crit la mani\u00e8re dont B\u00e0cum utilise les cookies et autres technologies similaires sur le site web <a href=\"https:\/\/www.bacum.com\">https:\/\/www.bacum.info<\/a>. En utilisant notre site web, vous consentez \u00e0 l&rsquo;utilisation de cookies conform\u00e9ment \u00e0 la pr\u00e9sente politique.<\/p>\n<h4>Qu&rsquo;est-ce qu&rsquo;un cookie ?<\/h4>\n<p>Les cookies sont de petits fichiers texte qui sont stock\u00e9s sur votre appareil (ordinateur, t\u00e9l\u00e9phone portable ou tablette) lorsque vous visitez notre site web. Ces cookies nous permettent de reconna\u00eetre votre appareil et d&rsquo;am\u00e9liorer votre exp\u00e9rience de navigation.<br \/>\nTypes de cookies utilis\u00e9s :<br \/>\nNous utilisons les types de cookies suivants sur notre site web :<\/p>\n<p>a) <strong>Cookies essentiels<\/strong> : ces cookies sont n\u00e9cessaires au fonctionnement de base du site web. Ils nous aident \u00e0 nous souvenir de vos pr\u00e9f\u00e9rences, comme la langue que vous avez choisie, et facilitent votre navigation sur le site.<\/p>\n<p>b) <strong>Cookies de performance<\/strong> : ces cookies collectent des informations sur la mani\u00e8re dont les visiteurs utilisent notre site web, telles que les pages les plus fr\u00e9quemment consult\u00e9es. Ces donn\u00e9es nous permettent d&rsquo;optimiser notre site web et d&rsquo;en am\u00e9liorer les performances.<\/p>\n<p>c) <strong>Cookies de fonctionnalit\u00e9<\/strong> : ces cookies permettent \u00e0 notre site web de se souvenir des choix que vous avez faits (tels que votre nom d&rsquo;utilisateur, votre langue ou votre r\u00e9gion) et de fournir des fonctions am\u00e9lior\u00e9es et personnalis\u00e9es.<\/p>\n<p>d) <strong>Cookies de suivi et de publicit\u00e9<\/strong> : nous utilisons des cookies de tiers pour suivre votre activit\u00e9 de navigation et vous proposer des publicit\u00e9s personnalis\u00e9es en fonction de vos centres d&rsquo;int\u00e9r\u00eat. Ces cookies recueillent des informations sur vos visites sur notre site web et d&rsquo;autres sites, et peuvent partager ces informations avec des tiers pour vous montrer des publicit\u00e9s pertinentes.<\/p>\n<h4>Contr\u00f4le des cookies :<\/h4>\n<p>L&rsquo;utilisateur peut \u00e0 tout moment retirer son consentement \u00e0 l&rsquo;utilisation de cookies en cliquant sur le lien suivant : <a class=\"cky-banner-element\" href=\"#\">param\u00e8tres des cookies<\/a>. En cliquant sur le lien, le panneau de configuration s&rsquo;ouvrira \u00e0 nouveau, permettant \u00e0 l&rsquo;utilisateur de g\u00e9rer ses pr\u00e9f\u00e9rences, ainsi que de refuser ou d&rsquo;accepter l&rsquo;utilisation de cookies.<\/p>\n<p>Vous pouvez contr\u00f4ler et g\u00e9rer les cookies dans votre navigateur. La plupart des navigateurs web vous permettent de refuser ou d&rsquo;accepter les cookies, ainsi que de supprimer les cookies existants sur votre appareil. Veuillez noter qu&rsquo;en d\u00e9sactivant ou en supprimant les cookies, certaines parties de notre site web peuvent ne pas fonctionner correctement.<\/p>\n<h4>Cookies de tiers :<\/h4>\n<p>Nous pouvons utiliser des cookies de tiers sur notre site web, tels que Google Analytics, pour collecter des informations sur l&rsquo;utilisation du site et fournir des rapports statistiques. Ces cookies sont contr\u00f4l\u00e9s par des tiers et sont soumis \u00e0 leurs propres politiques de confidentialit\u00e9.<\/p>\n<h4>Modifications de la politique en mati\u00e8re de cookies :<\/h4>\n<p>Nous nous r\u00e9servons le droit de mettre \u00e0 jour ou de modifier la pr\u00e9sente politique en mati\u00e8re de cookies \u00e0 tout moment. Toute modification entrera en vigueur d\u00e8s sa publication sur notre site web.<\/p>\n<p>Si vous avez des questions ou des pr\u00e9occupations concernant notre politique en mati\u00e8re de cookies, n&rsquo;h\u00e9sitez pas \u00e0 nous contacter :<\/p>\n<p>B\u00e0cum<br \/>\nRamon i Cajal 101, baixos. Barcelone<br \/>\nEmail: <a href=\"mailto:info@bacum.com\">info@bacum.info<\/a><\/p>\n<p>Date d&rsquo;entr\u00e9e en vigueur : 30 janvier 2024<\/p>\n<\/div>\n<\/div>\n[\/vc_column_text][\/vc_column][\/vc_row]\n","protected":false},"excerpt":{"rendered":"<p>[vc_row type=\u00a0\u00bbin_container\u00a0\u00bb full_screen_row_position=\u00a0\u00bbmiddle\u00a0\u00bb column_margin=\u00a0\u00bbdefault\u00a0\u00bb column_direction=\u00a0\u00bbdefault\u00a0\u00bb column_direction_tablet=\u00a0\u00bbdefault\u00a0\u00bb column_direction_phone=\u00a0\u00bbdefault\u00a0\u00bb scene_position=\u00a0\u00bbcenter\u00a0\u00bb bottom_margin=\u00a0\u00bb6em\u00a0\u00bb bottom_margin_tablet=\u00a0\u00bb3em\u00a0\u00bb text_color=\u00a0\u00bbdark\u00a0\u00bb text_align=\u00a0\u00bbleft\u00a0\u00bb row_border_radius=\u00a0\u00bbnone\u00a0\u00bb row_border_radius_applies=\u00a0\u00bbbg\u00a0\u00bb overflow=\u00a0\u00bbvisible\u00a0\u00bb overlay_strength=\u00a0\u00bb0.3&Prime; gradient_direction=\u00a0\u00bbleft_to_right\u00a0\u00bb shape_divider_position=\u00a0\u00bbbottom\u00a0\u00bb bg_image_animation=\u00a0\u00bbnone\u00a0\u00bb gradient_type=\u00a0\u00bbdefault\u00a0\u00bb shape_type=\u00a0\u00bb\u00a0\u00bb][vc_column column_padding=\u00a0\u00bbno-extra-padding\u00a0\u00bb column_padding_tablet=\u00a0\u00bbinherit\u00a0\u00bb column_padding_phone=\u00a0\u00bbinherit\u00a0\u00bb column_padding_position=\u00a0\u00bball\u00a0\u00bb column_element_direction_desktop=\u00a0\u00bbdefault\u00a0\u00bb column_element_spacing=\u00a0\u00bbdefault\u00a0\u00bb desktop_text_alignment=\u00a0\u00bbdefault\u00a0\u00bb tablet_text_alignment=\u00a0\u00bbdefault\u00a0\u00bb phone_text_alignment=\u00a0\u00bbdefault\u00a0\u00bb&#8230;<\/p>\n","protected":false},"author":2,"featured_media":0,"parent":0,"menu_order":0,"comment_status":"closed","ping_status":"closed","template":"","meta":{"_acf_changed":false,"_price":"","_stock":"","_tribe_ticket_header":"","_tribe_default_ticket_provider":"","_tribe_ticket_capacity":"0","_ticket_start_date":"","_ticket_end_date":"","_tribe_ticket_show_description":"","_tribe_ticket_show_not_going":false,"_tribe_ticket_use_global_stock":"","_tribe_ticket_global_stock_level":"","_global_stock_mode":"","_global_stock_cap":"","_tribe_rsvp_for_event":"","_tribe_ticket_going_count":"","_tribe_ticket_not_going_count":"","_tribe_tickets_list":"[]","_tribe_ticket_has_attendee_info_fields":false,"_EventAllDay":false,"_EventTimezone":"","_EventStartDate":"","_EventEndDate":"","_EventStartDateUTC":"","_EventEndDateUTC":"","_EventShowMap":false,"_EventShowMapLink":false,"_EventURL":"","_EventCost":"","_EventCostDescription":"","_EventCurrencySymbol":"","_EventCurrencyCode":"","_EventCurrencyPosition":"","_EventDateTimeSeparator":"","_EventTimeRangeSeparator":"","_EventOrganizerID":[],"_EventVenueID":[],"_OrganizerEmail":"","_OrganizerPhone":"","_OrganizerWebsite":"","_VenueAddress":"","_VenueCity":"","_VenueCountry":"","_VenueProvince":"","_VenueState":"","_VenueZip":"","_VenuePhone":"","_VenueURL":"","_VenueStateProvince":"","_VenueLat":"","_VenueLng":"","_VenueShowMap":false,"_VenueShowMapLink":false,"footnotes":"","_tec_slr_enabled":"","_tec_slr_layout":""},"class_list":["post-1514","page","type-page","status-publish"],"acf":[],"yoast_head":"<!-- This site is optimized with the Yoast SEO plugin v27.5 - https:\/\/yoast.com\/product\/yoast-seo-wordpress\/ -->\n<title>Politique des cookies | B\u00e0cum<\/title>\n<meta name=\"robots\" content=\"noindex, follow\" \/>\n<meta property=\"og:locale\" content=\"fr_FR\" \/>\n<meta property=\"og:type\" content=\"article\" \/>\n<meta property=\"og:title\" content=\"Politique des cookies | B\u00e0cum\" \/>\n<meta property=\"og:description\" content=\"[vc_row type=\u00a0\u00bbin_container\u00a0\u00bb full_screen_row_position=\u00a0\u00bbmiddle\u00a0\u00bb column_margin=\u00a0\u00bbdefault\u00a0\u00bb column_direction=\u00a0\u00bbdefault\u00a0\u00bb column_direction_tablet=\u00a0\u00bbdefault\u00a0\u00bb column_direction_phone=\u00a0\u00bbdefault\u00a0\u00bb scene_position=\u00a0\u00bbcenter\u00a0\u00bb bottom_margin=\u00a0\u00bb6em\u00a0\u00bb bottom_margin_tablet=\u00a0\u00bb3em\u00a0\u00bb text_color=\u00a0\u00bbdark\u00a0\u00bb text_align=\u00a0\u00bbleft\u00a0\u00bb row_border_radius=\u00a0\u00bbnone\u00a0\u00bb row_border_radius_applies=\u00a0\u00bbbg\u00a0\u00bb overflow=\u00a0\u00bbvisible\u00a0\u00bb overlay_strength=\u00a0\u00bb0.3&Prime; gradient_direction=\u00a0\u00bbleft_to_right\u00a0\u00bb shape_divider_position=\u00a0\u00bbbottom\u00a0\u00bb bg_image_animation=\u00a0\u00bbnone\u00a0\u00bb gradient_type=\u00a0\u00bbdefault\u00a0\u00bb shape_type=\u00a0\u00bb\u00a0\u00bb][vc_column column_padding=\u00a0\u00bbno-extra-padding\u00a0\u00bb column_padding_tablet=\u00a0\u00bbinherit\u00a0\u00bb column_padding_phone=\u00a0\u00bbinherit\u00a0\u00bb column_padding_position=\u00a0\u00bball\u00a0\u00bb column_element_direction_desktop=\u00a0\u00bbdefault\u00a0\u00bb column_element_spacing=\u00a0\u00bbdefault\u00a0\u00bb desktop_text_alignment=\u00a0\u00bbdefault\u00a0\u00bb tablet_text_alignment=\u00a0\u00bbdefault\u00a0\u00bb phone_text_alignment=\u00a0\u00bbdefault\u00a0\u00bb...\" \/>\n<meta property=\"og:url\" content=\"https:\/\/bacum.info\/fr\/politique-des-cookies\/\" \/>\n<meta property=\"og:site_name\" content=\"B\u00e0cum\" \/>\n<meta property=\"article:publisher\" content=\"http:\/\/www.facebook.com\/bacum\" \/>\n<meta property=\"article:modified_time\" content=\"2024-03-12T09:47:50+00:00\" \/>\n<meta property=\"og:image\" content=\"https:\/\/bacum.info\/wp-content\/uploads\/2024\/01\/image-15.jpg\" \/>\n\t<meta property=\"og:image:width\" content=\"1440\" \/>\n\t<meta property=\"og:image:height\" content=\"665\" \/>\n\t<meta property=\"og:image:type\" content=\"image\/jpeg\" \/>\n<meta name=\"twitter:card\" content=\"summary_large_image\" \/>\n<meta name=\"twitter:site\" content=\"@bacumtweet\" \/>\n<meta name=\"twitter:label1\" content=\"Dur\u00e9e de lecture estim\u00e9e\" \/>\n\t<meta name=\"twitter:data1\" content=\"4 minutes\" \/>\n<script type=\"application\/ld+json\" class=\"yoast-schema-graph\">{\"@context\":\"https:\\\/\\\/schema.org\",\"@graph\":[{\"@type\":\"WebPage\",\"@id\":\"https:\\\/\\\/bacum.info\\\/fr\\\/politique-des-cookies\\\/\",\"url\":\"https:\\\/\\\/bacum.info\\\/fr\\\/politique-des-cookies\\\/\",\"name\":\"Politique des cookies | B\u00e0cum\",\"isPartOf\":{\"@id\":\"https:\\\/\\\/bacum.info\\\/fr\\\/#website\"},\"datePublished\":\"2024-01-26T08:54:33+00:00\",\"dateModified\":\"2024-03-12T09:47:50+00:00\",\"breadcrumb\":{\"@id\":\"https:\\\/\\\/bacum.info\\\/fr\\\/politique-des-cookies\\\/#breadcrumb\"},\"inLanguage\":\"fr-FR\",\"potentialAction\":[{\"@type\":\"ReadAction\",\"target\":[\"https:\\\/\\\/bacum.info\\\/fr\\\/politique-des-cookies\\\/\"]}]},{\"@type\":\"BreadcrumbList\",\"@id\":\"https:\\\/\\\/bacum.info\\\/fr\\\/politique-des-cookies\\\/#breadcrumb\",\"itemListElement\":[{\"@type\":\"ListItem\",\"position\":1,\"name\":\"Portada\",\"item\":\"https:\\\/\\\/bacum.info\\\/fr\\\/\"},{\"@type\":\"ListItem\",\"position\":2,\"name\":\"Politique des cookies\"}]},{\"@type\":\"WebSite\",\"@id\":\"https:\\\/\\\/bacum.info\\\/fr\\\/#website\",\"url\":\"https:\\\/\\\/bacum.info\\\/fr\\\/\",\"name\":\"B\u00e0cum\",\"description\":\"Artes esc\u00e9nicas y visuales\",\"publisher\":{\"@id\":\"https:\\\/\\\/bacum.info\\\/fr\\\/#organization\"},\"potentialAction\":[{\"@type\":\"SearchAction\",\"target\":{\"@type\":\"EntryPoint\",\"urlTemplate\":\"https:\\\/\\\/bacum.info\\\/fr\\\/?s={search_term_string}\"},\"query-input\":{\"@type\":\"PropertyValueSpecification\",\"valueRequired\":true,\"valueName\":\"search_term_string\"}}],\"inLanguage\":\"fr-FR\"},{\"@type\":\"Organization\",\"@id\":\"https:\\\/\\\/bacum.info\\\/fr\\\/#organization\",\"name\":\"B\u00e0cum\",\"url\":\"https:\\\/\\\/bacum.info\\\/fr\\\/\",\"logo\":{\"@type\":\"ImageObject\",\"inLanguage\":\"fr-FR\",\"@id\":\"https:\\\/\\\/bacum.info\\\/fr\\\/#\\\/schema\\\/logo\\\/image\\\/\",\"url\":\"https:\\\/\\\/bacum.info\\\/wp-content\\\/uploads\\\/2024\\\/01\\\/logo.png\",\"contentUrl\":\"https:\\\/\\\/bacum.info\\\/wp-content\\\/uploads\\\/2024\\\/01\\\/logo.png\",\"width\":85,\"height\":117,\"caption\":\"B\u00e0cum\"},\"image\":{\"@id\":\"https:\\\/\\\/bacum.info\\\/fr\\\/#\\\/schema\\\/logo\\\/image\\\/\"},\"sameAs\":[\"http:\\\/\\\/www.facebook.com\\\/bacum\",\"https:\\\/\\\/x.com\\\/bacumtweet\",\"https:\\\/\\\/www.instagram.com\\\/mucabdans\\\/\"]}]}<\/script>\n<!-- \/ Yoast SEO plugin. -->","yoast_head_json":{"title":"Politique des cookies | B\u00e0cum","robots":{"index":"noindex","follow":"follow"},"og_locale":"fr_FR","og_type":"article","og_title":"Politique des cookies | B\u00e0cum","og_description":"[vc_row type=\u00a0\u00bbin_container\u00a0\u00bb full_screen_row_position=\u00a0\u00bbmiddle\u00a0\u00bb column_margin=\u00a0\u00bbdefault\u00a0\u00bb column_direction=\u00a0\u00bbdefault\u00a0\u00bb column_direction_tablet=\u00a0\u00bbdefault\u00a0\u00bb column_direction_phone=\u00a0\u00bbdefault\u00a0\u00bb scene_position=\u00a0\u00bbcenter\u00a0\u00bb bottom_margin=\u00a0\u00bb6em\u00a0\u00bb bottom_margin_tablet=\u00a0\u00bb3em\u00a0\u00bb text_color=\u00a0\u00bbdark\u00a0\u00bb text_align=\u00a0\u00bbleft\u00a0\u00bb row_border_radius=\u00a0\u00bbnone\u00a0\u00bb row_border_radius_applies=\u00a0\u00bbbg\u00a0\u00bb overflow=\u00a0\u00bbvisible\u00a0\u00bb overlay_strength=\u00a0\u00bb0.3&Prime; gradient_direction=\u00a0\u00bbleft_to_right\u00a0\u00bb shape_divider_position=\u00a0\u00bbbottom\u00a0\u00bb bg_image_animation=\u00a0\u00bbnone\u00a0\u00bb gradient_type=\u00a0\u00bbdefault\u00a0\u00bb shape_type=\u00a0\u00bb\u00a0\u00bb][vc_column column_padding=\u00a0\u00bbno-extra-padding\u00a0\u00bb column_padding_tablet=\u00a0\u00bbinherit\u00a0\u00bb column_padding_phone=\u00a0\u00bbinherit\u00a0\u00bb column_padding_position=\u00a0\u00bball\u00a0\u00bb column_element_direction_desktop=\u00a0\u00bbdefault\u00a0\u00bb column_element_spacing=\u00a0\u00bbdefault\u00a0\u00bb desktop_text_alignment=\u00a0\u00bbdefault\u00a0\u00bb tablet_text_alignment=\u00a0\u00bbdefault\u00a0\u00bb phone_text_alignment=\u00a0\u00bbdefault\u00a0\u00bb...","og_url":"https:\/\/bacum.info\/fr\/politique-des-cookies\/","og_site_name":"B\u00e0cum","article_publisher":"http:\/\/www.facebook.com\/bacum","article_modified_time":"2024-03-12T09:47:50+00:00","og_image":[{"width":1440,"height":665,"url":"https:\/\/bacum.info\/wp-content\/uploads\/2024\/01\/image-15.jpg","type":"image\/jpeg"}],"twitter_card":"summary_large_image","twitter_site":"@bacumtweet","twitter_misc":{"Dur\u00e9e de lecture estim\u00e9e":"4 minutes"},"schema":{"@context":"https:\/\/schema.org","@graph":[{"@type":"WebPage","@id":"https:\/\/bacum.info\/fr\/politique-des-cookies\/","url":"https:\/\/bacum.info\/fr\/politique-des-cookies\/","name":"Politique des cookies | B\u00e0cum","isPartOf":{"@id":"https:\/\/bacum.info\/fr\/#website"},"datePublished":"2024-01-26T08:54:33+00:00","dateModified":"2024-03-12T09:47:50+00:00","breadcrumb":{"@id":"https:\/\/bacum.info\/fr\/politique-des-cookies\/#breadcrumb"},"inLanguage":"fr-FR","potentialAction":[{"@type":"ReadAction","target":["https:\/\/bacum.info\/fr\/politique-des-cookies\/"]}]},{"@type":"BreadcrumbList","@id":"https:\/\/bacum.info\/fr\/politique-des-cookies\/#breadcrumb","itemListElement":[{"@type":"ListItem","position":1,"name":"Portada","item":"https:\/\/bacum.info\/fr\/"},{"@type":"ListItem","position":2,"name":"Politique des cookies"}]},{"@type":"WebSite","@id":"https:\/\/bacum.info\/fr\/#website","url":"https:\/\/bacum.info\/fr\/","name":"B\u00e0cum","description":"Artes esc\u00e9nicas y visuales","publisher":{"@id":"https:\/\/bacum.info\/fr\/#organization"},"potentialAction":[{"@type":"SearchAction","target":{"@type":"EntryPoint","urlTemplate":"https:\/\/bacum.info\/fr\/?s={search_term_string}"},"query-input":{"@type":"PropertyValueSpecification","valueRequired":true,"valueName":"search_term_string"}}],"inLanguage":"fr-FR"},{"@type":"Organization","@id":"https:\/\/bacum.info\/fr\/#organization","name":"B\u00e0cum","url":"https:\/\/bacum.info\/fr\/","logo":{"@type":"ImageObject","inLanguage":"fr-FR","@id":"https:\/\/bacum.info\/fr\/#\/schema\/logo\/image\/","url":"https:\/\/bacum.info\/wp-content\/uploads\/2024\/01\/logo.png","contentUrl":"https:\/\/bacum.info\/wp-content\/uploads\/2024\/01\/logo.png","width":85,"height":117,"caption":"B\u00e0cum"},"image":{"@id":"https:\/\/bacum.info\/fr\/#\/schema\/logo\/image\/"},"sameAs":["http:\/\/www.facebook.com\/bacum","https:\/\/x.com\/bacumtweet","https:\/\/www.instagram.com\/mucabdans\/"]}]}},"ticketed":false,"_links":{"self":[{"href":"https:\/\/bacum.info\/fr\/wp-json\/wp\/v2\/pages\/1514","targetHints":{"allow":["GET"]}}],"collection":[{"href":"https:\/\/bacum.info\/fr\/wp-json\/wp\/v2\/pages"}],"about":[{"href":"https:\/\/bacum.info\/fr\/wp-json\/wp\/v2\/types\/page"}],"author":[{"embeddable":true,"href":"https:\/\/bacum.info\/fr\/wp-json\/wp\/v2\/users\/2"}],"replies":[{"embeddable":true,"href":"https:\/\/bacum.info\/fr\/wp-json\/wp\/v2\/comments?post=1514"}],"version-history":[{"count":5,"href":"https:\/\/bacum.info\/fr\/wp-json\/wp\/v2\/pages\/1514\/revisions"}],"predecessor-version":[{"id":1519,"href":"https:\/\/bacum.info\/fr\/wp-json\/wp\/v2\/pages\/1514\/revisions\/1519"}],"wp:attachment":[{"href":"https:\/\/bacum.info\/fr\/wp-json\/wp\/v2\/media?parent=1514"}],"curies":[{"name":"wp","href":"https:\/\/api.w.org\/{rel}","templated":true}]}}