{"id":1212,"date":"2024-01-26T09:54:03","date_gmt":"2024-01-26T08:54:03","guid":{"rendered":"https:\/\/bacum.info\/avis-juridique\/"},"modified":"2024-08-27T09:27:22","modified_gmt":"2024-08-27T07:27:22","slug":"avis-juridique","status":"publish","type":"page","link":"https:\/\/bacum.info\/fr\/avis-juridique\/","title":{"rendered":"Avis Juridique"},"content":{"rendered":"[vc_row type=\u00a0\u00bbin_container\u00a0\u00bb full_screen_row_position=\u00a0\u00bbmiddle\u00a0\u00bb column_margin=\u00a0\u00bbdefault\u00a0\u00bb column_direction=\u00a0\u00bbdefault\u00a0\u00bb column_direction_tablet=\u00a0\u00bbdefault\u00a0\u00bb column_direction_phone=\u00a0\u00bbdefault\u00a0\u00bb scene_position=\u00a0\u00bbcenter\u00a0\u00bb bottom_margin=\u00a0\u00bb6em\u00a0\u00bb bottom_margin_tablet=\u00a0\u00bb3em\u00a0\u00bb text_color=\u00a0\u00bbdark\u00a0\u00bb text_align=\u00a0\u00bbleft\u00a0\u00bb row_border_radius=\u00a0\u00bbnone\u00a0\u00bb row_border_radius_applies=\u00a0\u00bbbg\u00a0\u00bb overflow=\u00a0\u00bbvisible\u00a0\u00bb overlay_strength=\u00a0\u00bb0.3&Prime; gradient_direction=\u00a0\u00bbleft_to_right\u00a0\u00bb shape_divider_position=\u00a0\u00bbbottom\u00a0\u00bb bg_image_animation=\u00a0\u00bbnone\u00a0\u00bb gradient_type=\u00a0\u00bbdefault\u00a0\u00bb shape_type=\u00a0\u00bb\u00a0\u00bb][vc_column column_padding=\u00a0\u00bbno-extra-padding\u00a0\u00bb column_padding_tablet=\u00a0\u00bbinherit\u00a0\u00bb column_padding_phone=\u00a0\u00bbinherit\u00a0\u00bb column_padding_position=\u00a0\u00bball\u00a0\u00bb column_element_direction_desktop=\u00a0\u00bbdefault\u00a0\u00bb column_element_spacing=\u00a0\u00bbdefault\u00a0\u00bb desktop_text_alignment=\u00a0\u00bbdefault\u00a0\u00bb tablet_text_alignment=\u00a0\u00bbdefault\u00a0\u00bb phone_text_alignment=\u00a0\u00bbdefault\u00a0\u00bb background_color_opacity=\u00a0\u00bb1&Prime; background_hover_color_opacity=\u00a0\u00bb1&Prime; column_backdrop_filter=\u00a0\u00bbnone\u00a0\u00bb column_shadow=\u00a0\u00bbnone\u00a0\u00bb column_border_radius=\u00a0\u00bbnone\u00a0\u00bb column_link_target=\u00a0\u00bb_self\u00a0\u00bb column_position=\u00a0\u00bbdefault\u00a0\u00bb gradient_direction=\u00a0\u00bbleft_to_right\u00a0\u00bb overlay_strength=\u00a0\u00bb0.3&Prime; width=\u00a0\u00bb1\/1&Prime; tablet_width_inherit=\u00a0\u00bbdefault\u00a0\u00bb animation_type=\u00a0\u00bbdefault\u00a0\u00bb bg_image_animation=\u00a0\u00bbnone\u00a0\u00bb border_type=\u00a0\u00bbsimple\u00a0\u00bb column_border_width=\u00a0\u00bbnone\u00a0\u00bb column_border_style=\u00a0\u00bbsolid\u00a0\u00bb][vc_column_text text_direction=\u00a0\u00bbdefault\u00a0\u00bb]Le pr\u00e9sent avis juridique \u00e9tablit les conditions d&rsquo;utilisation du site web <a href=\"https:\/\/www.bacum.info\">https:\/\/www.bacum.info<\/a>, propri\u00e9t\u00e9 de B\u00e0cum. En acc\u00e9dant \u00e0 ce site web et en l&rsquo;utilisant, vous acceptez les conditions g\u00e9n\u00e9rales expos\u00e9es ci-dessous.<\/p>\n<h4>Propri\u00e9t\u00e9 du site web:<\/h4>\n<p>Ce site web est g\u00e9r\u00e9 par B\u00e0cum, qui en est le propri\u00e9taire. Tous les droits relatifs au contenu et \u00e0 la conception du site web sont r\u00e9serv\u00e9s et sont la propri\u00e9t\u00e9 exclusive de B\u00e0cum.<\/p>\n<h4>Utilisation du site web:<\/h4>\n<p>L&rsquo;utilisation de ce site web est soumise aux conditions suivantes:<\/p>\n<p>a) Le contenu de ce site web est destin\u00e9 uniquement \u00e0 des fins d&rsquo;information et ne constitue pas un conseil professionnel ou commercial.<br \/>\nb) Vous acceptez d&rsquo;utiliser ce site web de mani\u00e8re responsable et de respecter toutes les lois et r\u00e9glementations applicables.<br \/>\nc) Vous ne pouvez pas utiliser ce site web d&rsquo;une mani\u00e8re qui cause des dommages, des interruptions ou des d\u00e9gradations du site web ou de ses fonctionnalit\u00e9s.<br \/>\nd) Vous ne pouvez pas utiliser ce site web pour diffuser ou transmettre des informations non autoris\u00e9es, ill\u00e9gales, diffamatoires, offensantes ou qui pourrait enfreindre les droits de tiers.<br \/>\ne) Nous nous r\u00e9servons le droit de modifier, de suspendre ou d&rsquo;interrompre ce site web, en tout ou en partie, \u00e0 tout moment et sans pr\u00e9avis.<\/p>\n<h4>Propri\u00e9t\u00e9 intellectuelle :<\/h4>\n<p>Tous les droits de propri\u00e9t\u00e9 intellectuelle sur le contenu de ce site web, y compris les textes, les images, les graphiques, les logos, les vid\u00e9os, les sons et d&rsquo;autres \u00e9l\u00e9ments, appartiennent \u00e0 B\u00e0cum. Sa reproduction, sa distribution, sa modification ou toute autre utilisation est strictement interdite sans l&rsquo;accord \u00e9crit pr\u00e9alable de B\u00e0cum.<\/p>\n<h4>Liens avec des tiers:<\/h4>\n<p>Ce site web peut contenir des liens vers des sites web de tiers. Ces liens sont fournis uniquement pour votre commodit\u00e9 et n&rsquo;impliquent aucune approbation ou association avec ces sites web. B\u00e0cum n&rsquo;est pas responsable de la disponibilit\u00e9, du contenu, des produits, des services ou d&rsquo;autres \u00e9l\u00e9ments trouv\u00e9s sur ces sites web tiers.<\/p>\n<h4>Limitation de la responsabilit\u00e9:<\/h4>\n<p>B\u00e0cum n&rsquo;est pas responsable des dommages directs, indirects, accidentels, sp\u00e9ciaux, cons\u00e9cutifs ou punitifs r\u00e9sultant de l&rsquo;utilisation ou de l&rsquo;impossibilit\u00e9 d&rsquo;utiliser ce site web, y compris les virus informatiques, les erreurs, les interruptions, les inexactitudes ou les d\u00e9fauts dans les informations ou le mat\u00e9riel, m\u00eame si nous avons \u00e9t\u00e9 inform\u00e9s de la possibilit\u00e9 de tels dommages.<\/p>\n<h4>Droit applicable et juridiction:<\/h4>\n<p>Le pr\u00e9sent Avis Juridique est r\u00e9gi par les lois espagnoles. Tout conflit li\u00e9 \u00e0 ce site web sera soumis \u00e0 la juridiction exclusive des tribunaux de Barcelone.<\/p>\n<p>Si vous avez des questions ou des pr\u00e9occupations concernant le pr\u00e9sent Avis Juridique, n&rsquo;h\u00e9sitez pas \u00e0 nous contacter:<\/p>\n<p>B\u00e0cum<br \/>\nRamon i Cajal 101, baixos. Barcelone<br \/>\nEmail: <a href=\"mailto:info@bacum.info\">info@bacum.info<\/a><\/p>\n<p>Date d&rsquo;entr\u00e9e en vigueur: 30 janvier 2024.[\/vc_column_text][\/vc_column][\/vc_row]\n","protected":false},"excerpt":{"rendered":"<p>[vc_row type=\u00a0\u00bbin_container\u00a0\u00bb full_screen_row_position=\u00a0\u00bbmiddle\u00a0\u00bb column_margin=\u00a0\u00bbdefault\u00a0\u00bb column_direction=\u00a0\u00bbdefault\u00a0\u00bb column_direction_tablet=\u00a0\u00bbdefault\u00a0\u00bb column_direction_phone=\u00a0\u00bbdefault\u00a0\u00bb scene_position=\u00a0\u00bbcenter\u00a0\u00bb bottom_margin=\u00a0\u00bb6em\u00a0\u00bb bottom_margin_tablet=\u00a0\u00bb3em\u00a0\u00bb text_color=\u00a0\u00bbdark\u00a0\u00bb text_align=\u00a0\u00bbleft\u00a0\u00bb row_border_radius=\u00a0\u00bbnone\u00a0\u00bb row_border_radius_applies=\u00a0\u00bbbg\u00a0\u00bb overflow=\u00a0\u00bbvisible\u00a0\u00bb overlay_strength=\u00a0\u00bb0.3&Prime; gradient_direction=\u00a0\u00bbleft_to_right\u00a0\u00bb shape_divider_position=\u00a0\u00bbbottom\u00a0\u00bb bg_image_animation=\u00a0\u00bbnone\u00a0\u00bb gradient_type=\u00a0\u00bbdefault\u00a0\u00bb shape_type=\u00a0\u00bb\u00a0\u00bb][vc_column column_padding=\u00a0\u00bbno-extra-padding\u00a0\u00bb column_padding_tablet=\u00a0\u00bbinherit\u00a0\u00bb column_padding_phone=\u00a0\u00bbinherit\u00a0\u00bb column_padding_position=\u00a0\u00bball\u00a0\u00bb column_element_direction_desktop=\u00a0\u00bbdefault\u00a0\u00bb column_element_spacing=\u00a0\u00bbdefault\u00a0\u00bb desktop_text_alignment=\u00a0\u00bbdefault\u00a0\u00bb tablet_text_alignment=\u00a0\u00bbdefault\u00a0\u00bb phone_text_alignment=\u00a0\u00bbdefault\u00a0\u00bb&#8230;<\/p>\n","protected":false},"author":2,"featured_media":0,"parent":0,"menu_order":0,"comment_status":"closed","ping_status":"closed","template":"","meta":{"_acf_changed":false,"_price":"","_stock":"","_tribe_ticket_header":"","_tribe_default_ticket_provider":"","_tribe_ticket_capacity":"0","_ticket_start_date":"","_ticket_end_date":"","_tribe_ticket_show_description":"","_tribe_ticket_show_not_going":false,"_tribe_ticket_use_global_stock":"","_tribe_ticket_global_stock_level":"","_global_stock_mode":"","_global_stock_cap":"","_tribe_rsvp_for_event":"","_tribe_ticket_going_count":"","_tribe_ticket_not_going_count":"","_tribe_tickets_list":"[]","_tribe_ticket_has_attendee_info_fields":false,"_EventAllDay":false,"_EventTimezone":"","_EventStartDate":"","_EventEndDate":"","_EventStartDateUTC":"","_EventEndDateUTC":"","_EventShowMap":false,"_EventShowMapLink":false,"_EventURL":"","_EventCost":"","_EventCostDescription":"","_EventCurrencySymbol":"","_EventCurrencyCode":"","_EventCurrencyPosition":"","_EventDateTimeSeparator":"","_EventTimeRangeSeparator":"","_EventOrganizerID":[],"_EventVenueID":[],"_OrganizerEmail":"","_OrganizerPhone":"","_OrganizerWebsite":"","_VenueAddress":"","_VenueCity":"","_VenueCountry":"","_VenueProvince":"","_VenueState":"","_VenueZip":"","_VenuePhone":"","_VenueURL":"","_VenueStateProvince":"","_VenueLat":"","_VenueLng":"","_VenueShowMap":false,"_VenueShowMapLink":false,"footnotes":"","_tec_slr_enabled":"","_tec_slr_layout":""},"class_list":["post-1212","page","type-page","status-publish"],"acf":[],"yoast_head":"<!-- This site is optimized with the Yoast SEO plugin v27.5 - https:\/\/yoast.com\/product\/yoast-seo-wordpress\/ -->\n<title>Avis Juridique | B\u00e0cum<\/title>\n<meta name=\"description\" content=\"Le pr\u00e9sent Avis Juridique \u00e9tablit les conditions d&#039;utilisation du site web https:\/\/www.bacum.info, propri\u00e9t\u00e9 de B\u00e0cum.\" \/>\n<meta name=\"robots\" content=\"noindex, follow\" \/>\n<meta property=\"og:locale\" content=\"fr_FR\" \/>\n<meta property=\"og:type\" content=\"article\" \/>\n<meta property=\"og:title\" content=\"Avis Juridique | B\u00e0cum\" \/>\n<meta property=\"og:description\" content=\"Le pr\u00e9sent Avis Juridique \u00e9tablit les conditions d&#039;utilisation du site web https:\/\/www.bacum.info, propri\u00e9t\u00e9 de B\u00e0cum.\" \/>\n<meta property=\"og:url\" content=\"https:\/\/bacum.info\/fr\/avis-juridique\/\" \/>\n<meta property=\"og:site_name\" content=\"B\u00e0cum\" \/>\n<meta property=\"article:publisher\" content=\"http:\/\/www.facebook.com\/bacum\" \/>\n<meta property=\"article:modified_time\" content=\"2024-08-27T07:27:22+00:00\" \/>\n<meta property=\"og:image\" content=\"https:\/\/bacum.info\/wp-content\/uploads\/2024\/01\/image-15.jpg\" \/>\n\t<meta property=\"og:image:width\" content=\"1440\" \/>\n\t<meta property=\"og:image:height\" content=\"665\" \/>\n\t<meta property=\"og:image:type\" content=\"image\/jpeg\" \/>\n<meta name=\"twitter:card\" content=\"summary_large_image\" \/>\n<meta name=\"twitter:site\" content=\"@bacumtweet\" \/>\n<meta name=\"twitter:label1\" content=\"Dur\u00e9e de lecture estim\u00e9e\" \/>\n\t<meta name=\"twitter:data1\" content=\"3 minutes\" \/>\n<script type=\"application\/ld+json\" class=\"yoast-schema-graph\">{\"@context\":\"https:\\\/\\\/schema.org\",\"@graph\":[{\"@type\":\"WebPage\",\"@id\":\"https:\\\/\\\/bacum.info\\\/fr\\\/avis-juridique\\\/\",\"url\":\"https:\\\/\\\/bacum.info\\\/fr\\\/avis-juridique\\\/\",\"name\":\"Avis Juridique | B\u00e0cum\",\"isPartOf\":{\"@id\":\"https:\\\/\\\/bacum.info\\\/fr\\\/#website\"},\"datePublished\":\"2024-01-26T08:54:03+00:00\",\"dateModified\":\"2024-08-27T07:27:22+00:00\",\"description\":\"Le pr\u00e9sent Avis Juridique \u00e9tablit les conditions d'utilisation du site web https:\\\/\\\/www.bacum.info, propri\u00e9t\u00e9 de B\u00e0cum.\",\"breadcrumb\":{\"@id\":\"https:\\\/\\\/bacum.info\\\/fr\\\/avis-juridique\\\/#breadcrumb\"},\"inLanguage\":\"fr-FR\",\"potentialAction\":[{\"@type\":\"ReadAction\",\"target\":[\"https:\\\/\\\/bacum.info\\\/fr\\\/avis-juridique\\\/\"]}]},{\"@type\":\"BreadcrumbList\",\"@id\":\"https:\\\/\\\/bacum.info\\\/fr\\\/avis-juridique\\\/#breadcrumb\",\"itemListElement\":[{\"@type\":\"ListItem\",\"position\":1,\"name\":\"Portada\",\"item\":\"https:\\\/\\\/bacum.info\\\/fr\\\/\"},{\"@type\":\"ListItem\",\"position\":2,\"name\":\"Avis Juridique\"}]},{\"@type\":\"WebSite\",\"@id\":\"https:\\\/\\\/bacum.info\\\/fr\\\/#website\",\"url\":\"https:\\\/\\\/bacum.info\\\/fr\\\/\",\"name\":\"B\u00e0cum\",\"description\":\"Artes esc\u00e9nicas y visuales\",\"publisher\":{\"@id\":\"https:\\\/\\\/bacum.info\\\/fr\\\/#organization\"},\"potentialAction\":[{\"@type\":\"SearchAction\",\"target\":{\"@type\":\"EntryPoint\",\"urlTemplate\":\"https:\\\/\\\/bacum.info\\\/fr\\\/?s={search_term_string}\"},\"query-input\":{\"@type\":\"PropertyValueSpecification\",\"valueRequired\":true,\"valueName\":\"search_term_string\"}}],\"inLanguage\":\"fr-FR\"},{\"@type\":\"Organization\",\"@id\":\"https:\\\/\\\/bacum.info\\\/fr\\\/#organization\",\"name\":\"B\u00e0cum\",\"url\":\"https:\\\/\\\/bacum.info\\\/fr\\\/\",\"logo\":{\"@type\":\"ImageObject\",\"inLanguage\":\"fr-FR\",\"@id\":\"https:\\\/\\\/bacum.info\\\/fr\\\/#\\\/schema\\\/logo\\\/image\\\/\",\"url\":\"https:\\\/\\\/bacum.info\\\/wp-content\\\/uploads\\\/2024\\\/01\\\/logo.png\",\"contentUrl\":\"https:\\\/\\\/bacum.info\\\/wp-content\\\/uploads\\\/2024\\\/01\\\/logo.png\",\"width\":85,\"height\":117,\"caption\":\"B\u00e0cum\"},\"image\":{\"@id\":\"https:\\\/\\\/bacum.info\\\/fr\\\/#\\\/schema\\\/logo\\\/image\\\/\"},\"sameAs\":[\"http:\\\/\\\/www.facebook.com\\\/bacum\",\"https:\\\/\\\/x.com\\\/bacumtweet\",\"https:\\\/\\\/www.instagram.com\\\/mucabdans\\\/\"]}]}<\/script>\n<!-- \/ Yoast SEO plugin. -->","yoast_head_json":{"title":"Avis Juridique | B\u00e0cum","description":"Le pr\u00e9sent Avis Juridique \u00e9tablit les conditions d'utilisation du site web https:\/\/www.bacum.info, propri\u00e9t\u00e9 de B\u00e0cum.","robots":{"index":"noindex","follow":"follow"},"og_locale":"fr_FR","og_type":"article","og_title":"Avis Juridique | B\u00e0cum","og_description":"Le pr\u00e9sent Avis Juridique \u00e9tablit les conditions d'utilisation du site web https:\/\/www.bacum.info, propri\u00e9t\u00e9 de B\u00e0cum.","og_url":"https:\/\/bacum.info\/fr\/avis-juridique\/","og_site_name":"B\u00e0cum","article_publisher":"http:\/\/www.facebook.com\/bacum","article_modified_time":"2024-08-27T07:27:22+00:00","og_image":[{"width":1440,"height":665,"url":"https:\/\/bacum.info\/wp-content\/uploads\/2024\/01\/image-15.jpg","type":"image\/jpeg"}],"twitter_card":"summary_large_image","twitter_site":"@bacumtweet","twitter_misc":{"Dur\u00e9e de lecture estim\u00e9e":"3 minutes"},"schema":{"@context":"https:\/\/schema.org","@graph":[{"@type":"WebPage","@id":"https:\/\/bacum.info\/fr\/avis-juridique\/","url":"https:\/\/bacum.info\/fr\/avis-juridique\/","name":"Avis Juridique | B\u00e0cum","isPartOf":{"@id":"https:\/\/bacum.info\/fr\/#website"},"datePublished":"2024-01-26T08:54:03+00:00","dateModified":"2024-08-27T07:27:22+00:00","description":"Le pr\u00e9sent Avis Juridique \u00e9tablit les conditions d'utilisation du site web https:\/\/www.bacum.info, propri\u00e9t\u00e9 de B\u00e0cum.","breadcrumb":{"@id":"https:\/\/bacum.info\/fr\/avis-juridique\/#breadcrumb"},"inLanguage":"fr-FR","potentialAction":[{"@type":"ReadAction","target":["https:\/\/bacum.info\/fr\/avis-juridique\/"]}]},{"@type":"BreadcrumbList","@id":"https:\/\/bacum.info\/fr\/avis-juridique\/#breadcrumb","itemListElement":[{"@type":"ListItem","position":1,"name":"Portada","item":"https:\/\/bacum.info\/fr\/"},{"@type":"ListItem","position":2,"name":"Avis Juridique"}]},{"@type":"WebSite","@id":"https:\/\/bacum.info\/fr\/#website","url":"https:\/\/bacum.info\/fr\/","name":"B\u00e0cum","description":"Artes esc\u00e9nicas y visuales","publisher":{"@id":"https:\/\/bacum.info\/fr\/#organization"},"potentialAction":[{"@type":"SearchAction","target":{"@type":"EntryPoint","urlTemplate":"https:\/\/bacum.info\/fr\/?s={search_term_string}"},"query-input":{"@type":"PropertyValueSpecification","valueRequired":true,"valueName":"search_term_string"}}],"inLanguage":"fr-FR"},{"@type":"Organization","@id":"https:\/\/bacum.info\/fr\/#organization","name":"B\u00e0cum","url":"https:\/\/bacum.info\/fr\/","logo":{"@type":"ImageObject","inLanguage":"fr-FR","@id":"https:\/\/bacum.info\/fr\/#\/schema\/logo\/image\/","url":"https:\/\/bacum.info\/wp-content\/uploads\/2024\/01\/logo.png","contentUrl":"https:\/\/bacum.info\/wp-content\/uploads\/2024\/01\/logo.png","width":85,"height":117,"caption":"B\u00e0cum"},"image":{"@id":"https:\/\/bacum.info\/fr\/#\/schema\/logo\/image\/"},"sameAs":["http:\/\/www.facebook.com\/bacum","https:\/\/x.com\/bacumtweet","https:\/\/www.instagram.com\/mucabdans\/"]}]}},"ticketed":false,"_links":{"self":[{"href":"https:\/\/bacum.info\/fr\/wp-json\/wp\/v2\/pages\/1212","targetHints":{"allow":["GET"]}}],"collection":[{"href":"https:\/\/bacum.info\/fr\/wp-json\/wp\/v2\/pages"}],"about":[{"href":"https:\/\/bacum.info\/fr\/wp-json\/wp\/v2\/types\/page"}],"author":[{"embeddable":true,"href":"https:\/\/bacum.info\/fr\/wp-json\/wp\/v2\/users\/2"}],"replies":[{"embeddable":true,"href":"https:\/\/bacum.info\/fr\/wp-json\/wp\/v2\/comments?post=1212"}],"version-history":[{"count":4,"href":"https:\/\/bacum.info\/fr\/wp-json\/wp\/v2\/pages\/1212\/revisions"}],"predecessor-version":[{"id":1871,"href":"https:\/\/bacum.info\/fr\/wp-json\/wp\/v2\/pages\/1212\/revisions\/1871"}],"wp:attachment":[{"href":"https:\/\/bacum.info\/fr\/wp-json\/wp\/v2\/media?parent=1212"}],"curies":[{"name":"wp","href":"https:\/\/api.w.org\/{rel}","templated":true}]}}