{"id":1896,"date":"2024-08-27T09:43:25","date_gmt":"2024-08-27T07:43:25","guid":{"rendered":"https:\/\/bacum.info\/?page_id=1896"},"modified":"2024-08-27T09:54:33","modified_gmt":"2024-08-27T07:54:33","slug":"declaracio-daccessibilitat","status":"publish","type":"page","link":"https:\/\/bacum.info\/ca\/declaracio-daccessibilitat\/","title":{"rendered":"Declaraci\u00f3 d&#8217;accessibilitat"},"content":{"rendered":"[vc_row type=&#8221;in_container&#8221; full_screen_row_position=&#8221;middle&#8221; column_margin=&#8221;default&#8221; column_direction=&#8221;default&#8221; column_direction_tablet=&#8221;default&#8221; column_direction_phone=&#8221;default&#8221; scene_position=&#8221;center&#8221; bottom_margin=&#8221;6em&#8221; bottom_margin_tablet=&#8221;3em&#8221; text_color=&#8221;dark&#8221; text_align=&#8221;left&#8221; row_border_radius=&#8221;none&#8221; row_border_radius_applies=&#8221;bg&#8221; overflow=&#8221;visible&#8221; overlay_strength=&#8221;0.3&#8243; gradient_direction=&#8221;left_to_right&#8221; shape_divider_position=&#8221;bottom&#8221; bg_image_animation=&#8221;none&#8221; gradient_type=&#8221;default&#8221; shape_type=&#8221;&#8221;][vc_column column_padding=&#8221;no-extra-padding&#8221; column_padding_tablet=&#8221;inherit&#8221; column_padding_phone=&#8221;inherit&#8221; column_padding_position=&#8221;all&#8221; column_element_direction_desktop=&#8221;default&#8221; column_element_spacing=&#8221;default&#8221; desktop_text_alignment=&#8221;default&#8221; tablet_text_alignment=&#8221;default&#8221; phone_text_alignment=&#8221;default&#8221; background_color_opacity=&#8221;1&#8243; background_hover_color_opacity=&#8221;1&#8243; column_backdrop_filter=&#8221;none&#8221; column_shadow=&#8221;none&#8221; column_border_radius=&#8221;none&#8221; column_link_target=&#8221;_self&#8221; column_position=&#8221;default&#8221; gradient_direction=&#8221;left_to_right&#8221; overlay_strength=&#8221;0.3&#8243; width=&#8221;1\/1&#8243; tablet_width_inherit=&#8221;default&#8221; animation_type=&#8221;default&#8221; bg_image_animation=&#8221;none&#8221; border_type=&#8221;simple&#8221; column_border_width=&#8221;none&#8221; column_border_style=&#8221;solid&#8221;][vc_column_text text_direction=&#8221;default&#8221;]B\u00e0cum s&#8217;ha comprom\u00e8s a fer accessible el vostre lloc web, de conformitat amb normativa WCAG 2.1 en mat\u00e8ria d&#8217;accessibilitat i que s&#8217;utilitza com a evid\u00e8ncia de la justificaci\u00f3 del criteri d&#8217;accessibilitat del Programa Kit Digital. Est\u00e0 estructurat d&#8217;acord amb els annexos de la norma UNE-EN 301 549:2022. Aquesta declaraci\u00f3 d&#8217;accessibilitat s&#8217;aplica al lloc web <a class=\"ql-link\" href=\"http:\/\/bacum.info\" target=\"_blank\" rel=\"noopener noreferrer\">bacum.info<\/a> .[\/vc_column_text][\/vc_column][\/vc_row]\n","protected":false},"excerpt":{"rendered":"<p>[vc_row type=&#8221;in_container&#8221; full_screen_row_position=&#8221;middle&#8221; column_margin=&#8221;default&#8221; column_direction=&#8221;default&#8221; column_direction_tablet=&#8221;default&#8221; column_direction_phone=&#8221;default&#8221; scene_position=&#8221;center&#8221; bottom_margin=&#8221;6em&#8221; bottom_margin_tablet=&#8221;3em&#8221; text_color=&#8221;dark&#8221; text_align=&#8221;left&#8221; row_border_radius=&#8221;none&#8221; row_border_radius_applies=&#8221;bg&#8221; overflow=&#8221;visible&#8221; overlay_strength=&#8221;0.3&#8243; gradient_direction=&#8221;left_to_right&#8221; shape_divider_position=&#8221;bottom&#8221; bg_image_animation=&#8221;none&#8221; gradient_type=&#8221;default&#8221; shape_type=&#8221;&#8221;][vc_column column_padding=&#8221;no-extra-padding&#8221; column_padding_tablet=&#8221;inherit&#8221; column_padding_phone=&#8221;inherit&#8221; column_padding_position=&#8221;all&#8221; column_element_direction_desktop=&#8221;default&#8221; column_element_spacing=&#8221;default&#8221; desktop_text_alignment=&#8221;default&#8221; tablet_text_alignment=&#8221;default&#8221; phone_text_alignment=&#8221;default&#8221;&#8230;<\/p>\n","protected":false},"author":2,"featured_media":0,"parent":0,"menu_order":0,"comment_status":"closed","ping_status":"closed","template":"","meta":{"_acf_changed":false,"_price":"","_stock":"","_tribe_ticket_header":"","_tribe_default_ticket_provider":"","_tribe_ticket_capacity":"0","_ticket_start_date":"","_ticket_end_date":"","_tribe_ticket_show_description":"","_tribe_ticket_show_not_going":false,"_tribe_ticket_use_global_stock":"","_tribe_ticket_global_stock_level":"","_global_stock_mode":"","_global_stock_cap":"","_tribe_rsvp_for_event":"","_tribe_ticket_going_count":"","_tribe_ticket_not_going_count":"","_tribe_tickets_list":"[]","_tribe_ticket_has_attendee_info_fields":false,"_EventAllDay":false,"_EventTimezone":"","_EventStartDate":"","_EventEndDate":"","_EventStartDateUTC":"","_EventEndDateUTC":"","_EventShowMap":false,"_EventShowMapLink":false,"_EventURL":"","_EventCost":"","_EventCostDescription":"","_EventCurrencySymbol":"","_EventCurrencyCode":"","_EventCurrencyPosition":"","_EventDateTimeSeparator":"","_EventTimeRangeSeparator":"","_EventOrganizerID":[],"_EventVenueID":[],"_OrganizerEmail":"","_OrganizerPhone":"","_OrganizerWebsite":"","_VenueAddress":"","_VenueCity":"","_VenueCountry":"","_VenueProvince":"","_VenueState":"","_VenueZip":"","_VenuePhone":"","_VenueURL":"","_VenueStateProvince":"","_VenueLat":"","_VenueLng":"","_VenueShowMap":false,"_VenueShowMapLink":false,"footnotes":"","_tec_slr_enabled":"","_tec_slr_layout":""},"class_list":["post-1896","page","type-page","status-publish"],"acf":[],"yoast_head":"<!-- This site is optimized with the Yoast SEO plugin v27.5 - https:\/\/yoast.com\/product\/yoast-seo-wordpress\/ -->\n<title>Declaraci\u00f3 d&#039;accessibilitat | B\u00e0cum<\/title>\n<meta name=\"description\" content=\"B\u00e0cum s&#039;ha comprom\u00e8s a fer accessible el vostre lloc web, de conformitat amb normativa WCAG 2.1 en mat\u00e8ria d&#039;accessibilitat ...\" \/>\n<meta name=\"robots\" content=\"noindex, follow\" \/>\n<meta property=\"og:locale\" content=\"ca_ES\" \/>\n<meta property=\"og:type\" content=\"article\" \/>\n<meta property=\"og:title\" content=\"Declaraci\u00f3 d&#039;accessibilitat | B\u00e0cum\" \/>\n<meta property=\"og:description\" content=\"B\u00e0cum s&#039;ha comprom\u00e8s a fer accessible el vostre lloc web, de conformitat amb normativa WCAG 2.1 en mat\u00e8ria d&#039;accessibilitat ...\" \/>\n<meta property=\"og:url\" content=\"https:\/\/bacum.info\/ca\/declaracio-daccessibilitat\/\" \/>\n<meta property=\"og:site_name\" content=\"B\u00e0cum\" \/>\n<meta property=\"article:publisher\" content=\"http:\/\/www.facebook.com\/bacum\" \/>\n<meta property=\"article:modified_time\" content=\"2024-08-27T07:54:33+00:00\" \/>\n<meta property=\"og:image\" content=\"https:\/\/bacum.info\/wp-content\/uploads\/2024\/01\/image-15.jpg\" \/>\n\t<meta property=\"og:image:width\" content=\"1440\" \/>\n\t<meta property=\"og:image:height\" content=\"665\" \/>\n\t<meta property=\"og:image:type\" content=\"image\/jpeg\" \/>\n<meta name=\"twitter:card\" content=\"summary_large_image\" \/>\n<meta name=\"twitter:site\" content=\"@bacumtweet\" \/>\n<meta name=\"twitter:label1\" content=\"Temps estimat de lectura\" \/>\n\t<meta name=\"twitter:data1\" content=\"1 minut\" \/>\n<script type=\"application\/ld+json\" class=\"yoast-schema-graph\">{\"@context\":\"https:\\\/\\\/schema.org\",\"@graph\":[{\"@type\":\"WebPage\",\"@id\":\"https:\\\/\\\/bacum.info\\\/ca\\\/declaracio-daccessibilitat\\\/\",\"url\":\"https:\\\/\\\/bacum.info\\\/ca\\\/declaracio-daccessibilitat\\\/\",\"name\":\"Declaraci\u00f3 d'accessibilitat | B\u00e0cum\",\"isPartOf\":{\"@id\":\"https:\\\/\\\/bacum.info\\\/ca\\\/#website\"},\"datePublished\":\"2024-08-27T07:43:25+00:00\",\"dateModified\":\"2024-08-27T07:54:33+00:00\",\"description\":\"B\u00e0cum s'ha comprom\u00e8s a fer accessible el vostre lloc web, de conformitat amb normativa WCAG 2.1 en mat\u00e8ria d'accessibilitat ...\",\"breadcrumb\":{\"@id\":\"https:\\\/\\\/bacum.info\\\/ca\\\/declaracio-daccessibilitat\\\/#breadcrumb\"},\"inLanguage\":\"ca\",\"potentialAction\":[{\"@type\":\"ReadAction\",\"target\":[\"https:\\\/\\\/bacum.info\\\/ca\\\/declaracio-daccessibilitat\\\/\"]}]},{\"@type\":\"BreadcrumbList\",\"@id\":\"https:\\\/\\\/bacum.info\\\/ca\\\/declaracio-daccessibilitat\\\/#breadcrumb\",\"itemListElement\":[{\"@type\":\"ListItem\",\"position\":1,\"name\":\"Portada\",\"item\":\"https:\\\/\\\/bacum.info\\\/ca\\\/\"},{\"@type\":\"ListItem\",\"position\":2,\"name\":\"Declaraci\u00f3 d&#8217;accessibilitat\"}]},{\"@type\":\"WebSite\",\"@id\":\"https:\\\/\\\/bacum.info\\\/ca\\\/#website\",\"url\":\"https:\\\/\\\/bacum.info\\\/ca\\\/\",\"name\":\"B\u00e0cum\",\"description\":\"Artes esc\u00e9nicas y visuales\",\"publisher\":{\"@id\":\"https:\\\/\\\/bacum.info\\\/ca\\\/#organization\"},\"potentialAction\":[{\"@type\":\"SearchAction\",\"target\":{\"@type\":\"EntryPoint\",\"urlTemplate\":\"https:\\\/\\\/bacum.info\\\/ca\\\/?s={search_term_string}\"},\"query-input\":{\"@type\":\"PropertyValueSpecification\",\"valueRequired\":true,\"valueName\":\"search_term_string\"}}],\"inLanguage\":\"ca\"},{\"@type\":\"Organization\",\"@id\":\"https:\\\/\\\/bacum.info\\\/ca\\\/#organization\",\"name\":\"B\u00e0cum\",\"url\":\"https:\\\/\\\/bacum.info\\\/ca\\\/\",\"logo\":{\"@type\":\"ImageObject\",\"inLanguage\":\"ca\",\"@id\":\"https:\\\/\\\/bacum.info\\\/ca\\\/#\\\/schema\\\/logo\\\/image\\\/\",\"url\":\"https:\\\/\\\/bacum.info\\\/wp-content\\\/uploads\\\/2024\\\/01\\\/logo.png\",\"contentUrl\":\"https:\\\/\\\/bacum.info\\\/wp-content\\\/uploads\\\/2024\\\/01\\\/logo.png\",\"width\":85,\"height\":117,\"caption\":\"B\u00e0cum\"},\"image\":{\"@id\":\"https:\\\/\\\/bacum.info\\\/ca\\\/#\\\/schema\\\/logo\\\/image\\\/\"},\"sameAs\":[\"http:\\\/\\\/www.facebook.com\\\/bacum\",\"https:\\\/\\\/x.com\\\/bacumtweet\",\"https:\\\/\\\/www.instagram.com\\\/mucabdans\\\/\"]}]}<\/script>\n<!-- \/ Yoast SEO plugin. -->","yoast_head_json":{"title":"Declaraci\u00f3 d'accessibilitat | B\u00e0cum","description":"B\u00e0cum s'ha comprom\u00e8s a fer accessible el vostre lloc web, de conformitat amb normativa WCAG 2.1 en mat\u00e8ria d'accessibilitat ...","robots":{"index":"noindex","follow":"follow"},"og_locale":"ca_ES","og_type":"article","og_title":"Declaraci\u00f3 d'accessibilitat | B\u00e0cum","og_description":"B\u00e0cum s'ha comprom\u00e8s a fer accessible el vostre lloc web, de conformitat amb normativa WCAG 2.1 en mat\u00e8ria d'accessibilitat ...","og_url":"https:\/\/bacum.info\/ca\/declaracio-daccessibilitat\/","og_site_name":"B\u00e0cum","article_publisher":"http:\/\/www.facebook.com\/bacum","article_modified_time":"2024-08-27T07:54:33+00:00","og_image":[{"width":1440,"height":665,"url":"https:\/\/bacum.info\/wp-content\/uploads\/2024\/01\/image-15.jpg","type":"image\/jpeg"}],"twitter_card":"summary_large_image","twitter_site":"@bacumtweet","twitter_misc":{"Temps estimat de lectura":"1 minut"},"schema":{"@context":"https:\/\/schema.org","@graph":[{"@type":"WebPage","@id":"https:\/\/bacum.info\/ca\/declaracio-daccessibilitat\/","url":"https:\/\/bacum.info\/ca\/declaracio-daccessibilitat\/","name":"Declaraci\u00f3 d'accessibilitat | B\u00e0cum","isPartOf":{"@id":"https:\/\/bacum.info\/ca\/#website"},"datePublished":"2024-08-27T07:43:25+00:00","dateModified":"2024-08-27T07:54:33+00:00","description":"B\u00e0cum s'ha comprom\u00e8s a fer accessible el vostre lloc web, de conformitat amb normativa WCAG 2.1 en mat\u00e8ria d'accessibilitat ...","breadcrumb":{"@id":"https:\/\/bacum.info\/ca\/declaracio-daccessibilitat\/#breadcrumb"},"inLanguage":"ca","potentialAction":[{"@type":"ReadAction","target":["https:\/\/bacum.info\/ca\/declaracio-daccessibilitat\/"]}]},{"@type":"BreadcrumbList","@id":"https:\/\/bacum.info\/ca\/declaracio-daccessibilitat\/#breadcrumb","itemListElement":[{"@type":"ListItem","position":1,"name":"Portada","item":"https:\/\/bacum.info\/ca\/"},{"@type":"ListItem","position":2,"name":"Declaraci\u00f3 d&#8217;accessibilitat"}]},{"@type":"WebSite","@id":"https:\/\/bacum.info\/ca\/#website","url":"https:\/\/bacum.info\/ca\/","name":"B\u00e0cum","description":"Artes esc\u00e9nicas y visuales","publisher":{"@id":"https:\/\/bacum.info\/ca\/#organization"},"potentialAction":[{"@type":"SearchAction","target":{"@type":"EntryPoint","urlTemplate":"https:\/\/bacum.info\/ca\/?s={search_term_string}"},"query-input":{"@type":"PropertyValueSpecification","valueRequired":true,"valueName":"search_term_string"}}],"inLanguage":"ca"},{"@type":"Organization","@id":"https:\/\/bacum.info\/ca\/#organization","name":"B\u00e0cum","url":"https:\/\/bacum.info\/ca\/","logo":{"@type":"ImageObject","inLanguage":"ca","@id":"https:\/\/bacum.info\/ca\/#\/schema\/logo\/image\/","url":"https:\/\/bacum.info\/wp-content\/uploads\/2024\/01\/logo.png","contentUrl":"https:\/\/bacum.info\/wp-content\/uploads\/2024\/01\/logo.png","width":85,"height":117,"caption":"B\u00e0cum"},"image":{"@id":"https:\/\/bacum.info\/ca\/#\/schema\/logo\/image\/"},"sameAs":["http:\/\/www.facebook.com\/bacum","https:\/\/x.com\/bacumtweet","https:\/\/www.instagram.com\/mucabdans\/"]}]}},"ticketed":false,"_links":{"self":[{"href":"https:\/\/bacum.info\/ca\/wp-json\/wp\/v2\/pages\/1896","targetHints":{"allow":["GET"]}}],"collection":[{"href":"https:\/\/bacum.info\/ca\/wp-json\/wp\/v2\/pages"}],"about":[{"href":"https:\/\/bacum.info\/ca\/wp-json\/wp\/v2\/types\/page"}],"author":[{"embeddable":true,"href":"https:\/\/bacum.info\/ca\/wp-json\/wp\/v2\/users\/2"}],"replies":[{"embeddable":true,"href":"https:\/\/bacum.info\/ca\/wp-json\/wp\/v2\/comments?post=1896"}],"version-history":[{"count":5,"href":"https:\/\/bacum.info\/ca\/wp-json\/wp\/v2\/pages\/1896\/revisions"}],"predecessor-version":[{"id":1910,"href":"https:\/\/bacum.info\/ca\/wp-json\/wp\/v2\/pages\/1896\/revisions\/1910"}],"wp:attachment":[{"href":"https:\/\/bacum.info\/ca\/wp-json\/wp\/v2\/media?parent=1896"}],"curies":[{"name":"wp","href":"https:\/\/api.w.org\/{rel}","templated":true}]}}