{"id":1520,"date":"2024-01-25T12:43:21","date_gmt":"2024-01-25T11:43:21","guid":{"rendered":"https:\/\/bacum.info\/politica-de-privacidad\/"},"modified":"2024-08-27T09:54:46","modified_gmt":"2024-08-27T07:54:46","slug":"politica-de-privacitat","status":"publish","type":"page","link":"https:\/\/bacum.info\/ca\/politica-de-privacitat\/","title":{"rendered":"Pol\u00edtica de Privacitat"},"content":{"rendered":"[vc_row type=&#8221;in_container&#8221; full_screen_row_position=&#8221;middle&#8221; column_margin=&#8221;default&#8221; column_direction=&#8221;default&#8221; column_direction_tablet=&#8221;default&#8221; column_direction_phone=&#8221;default&#8221; scene_position=&#8221;center&#8221; bottom_margin=&#8221;6em&#8221; bottom_margin_tablet=&#8221;3em&#8221; text_color=&#8221;dark&#8221; text_align=&#8221;left&#8221; row_border_radius=&#8221;none&#8221; row_border_radius_applies=&#8221;bg&#8221; overflow=&#8221;visible&#8221; overlay_strength=&#8221;0.3&#8243; gradient_direction=&#8221;left_to_right&#8221; shape_divider_position=&#8221;bottom&#8221; bg_image_animation=&#8221;none&#8221; gradient_type=&#8221;default&#8221; shape_type=&#8221;&#8221;][vc_column column_padding=&#8221;no-extra-padding&#8221; column_padding_tablet=&#8221;inherit&#8221; column_padding_phone=&#8221;inherit&#8221; column_padding_position=&#8221;all&#8221; column_element_direction_desktop=&#8221;default&#8221; column_element_spacing=&#8221;default&#8221; desktop_text_alignment=&#8221;default&#8221; tablet_text_alignment=&#8221;default&#8221; phone_text_alignment=&#8221;default&#8221; background_color_opacity=&#8221;1&#8243; background_hover_color_opacity=&#8221;1&#8243; column_backdrop_filter=&#8221;none&#8221; column_shadow=&#8221;none&#8221; column_border_radius=&#8221;none&#8221; column_link_target=&#8221;_self&#8221; column_position=&#8221;default&#8221; gradient_direction=&#8221;left_to_right&#8221; overlay_strength=&#8221;0.3&#8243; width=&#8221;1\/1&#8243; tablet_width_inherit=&#8221;default&#8221; animation_type=&#8221;default&#8221; bg_image_animation=&#8221;none&#8221; border_type=&#8221;simple&#8221; column_border_width=&#8221;none&#8221; column_border_style=&#8221;solid&#8221;][vc_column_text text_direction=&#8221;default&#8221;]En B\u00e0cum, valorem i respectem la seva privacitat. Aquesta Pol\u00edtica de Privacitat descriu com recopilem, utilitzem i protegim la informaci\u00f3 personal que vost\u00e8 proporciona a trav\u00e9s del nostre lloc web. En utilitzar el nostre formulari de contacte, vost\u00e8 accepta les pr\u00e0ctiques descrites en aquesta Pol\u00edtica de Privacitat.<\/p>\n<h4>Recopilaci\u00f3 de informaci\u00f3:<\/h4>\n<p>Quan utilitza el nostre formulari de contacte, podem recopilar la seg\u00fcent informaci\u00f3 personal:<\/p>\n<p>a) <strong>Nom<\/strong>: Recopilem el seu nom per a poder dirigir-nos a vost\u00e8 de manera adequada.<br \/>\nb) <strong>Tel\u00e8fon (opcional)<\/strong>: Recopilem el seu n\u00famero de tel\u00e8fon per a poder contactar-ho en cas de ser necessari.<br \/>\nc) <strong>Email<\/strong>: Recopilem la seva adre\u00e7a de correu electr\u00f2nic per a poder respondre a la seva consulta i mantenir una comunicaci\u00f3 efectiva.<br \/>\nd) <strong>Missatge<\/strong>: Recopilem qualsevol informaci\u00f3 que proporcioni en el missatge per a comprendre millor la seva consulta o sol\u00b7licitud.<\/p>\n<h4>\u00das de la informaci\u00f3:<\/h4>\n<p>Utilitzem la informaci\u00f3 recopilada a trav\u00e9s del nostre formulari de contacte amb la finalitat de:<\/p>\n<p>a) Respondre a la seva consulta o sol\u00b7licitud de manera adequada.<br \/>\nb) Comunicar-nos amb vost\u00e8 per a brindar-li informaci\u00f3 sol\u00b7licitada o resoldre qualsevol problema o pregunta que pugui tenir.<br \/>\nc) Millorar els nostres productes, serveis i lloc web.<\/p>\n<h4>Compartir informaci\u00f3:<\/h4>\n<p>No compartirem la seva informaci\u00f3 personal amb tercers sense el seu consentiment, tret que sigui necessari per a complir amb una obligaci\u00f3 legal o si creiem de bona fe que aquesta divulgaci\u00f3 \u00e9s necess\u00e0ria per a protegir els nostres drets, la seva seguretat o la seguretat d&#8217;uns altres, investigar fraus o respondre a una sol\u00b7licitud governamental.<\/p>\n<h4>Seguretat de la informaci\u00f3:<\/h4>\n<p>Implementem mesures de seguretat raonables per a protegir la seva informaci\u00f3 personal contra accessos no autoritzats, \u00fas indegut o divulgaci\u00f3. No obstant aix\u00f2, tingui en compte que cap transmissi\u00f3 de dades a trav\u00e9s d&#8217;Internet o m\u00e8tode d&#8217;emmagatzematge electr\u00f2nic \u00e9s completament segur i no podem garantir la seguretat absoluta de la seva informaci\u00f3.<\/p>\n<h4>Retenci\u00f3 de informaci\u00f3:<\/h4>\n<p>Mantindrem la seva informaci\u00f3 personal durant el temps necessari per a complir amb els fins per als quals va ser recopilada i per a complir amb les nostres obligacions legals.<\/p>\n<h4>Drets de privacitat:<\/h4>\n<p>Vost\u00e8 t\u00e9 uns certs drets relacionats amb la seva informaci\u00f3 personal. Pot sol\u00b7licitar acc\u00e9s, correcci\u00f3 o eliminaci\u00f3 de les seves dades personals enviant una sol\u00b7licitud per escrit a la nostra adre\u00e7a de contacte proporcionada al final d&#8217;aquesta pol\u00edtica.<\/p>\n<h4>Canvis a la Pol\u00edtica de Privacitat:<\/h4>\n<p>Ens reservem el dret d&#8217;actualitzar o modificar aquesta Pol\u00edtica de Privacitat en qualsevol moment. Qualsevol canvi entrar\u00e0 en vig\u00e8ncia immediatament despr\u00e9s de la seva publicaci\u00f3 en el nostre lloc web.<\/p>\n<p>Si t\u00e9 alguna pregunta o inquietud sobre la nostra Pol\u00edtica de Privacitat, no dubti a posar-se en contacte amb nosaltres:<\/p>\n<p>B\u00e0cum<br \/>\nRamon i Cajal 101, baixos. Barcelona<br \/>\nEmail: <a href=\"mailto:info@bacum.com\">info@bacum.info<\/a><\/p>\n<p>Data d&#8217;entrada en vigor: 30 de Gener de 2024.[\/vc_column_text][\/vc_column][\/vc_row]\n","protected":false},"excerpt":{"rendered":"<p>[vc_row type=&#8221;in_container&#8221; full_screen_row_position=&#8221;middle&#8221; column_margin=&#8221;default&#8221; column_direction=&#8221;default&#8221; column_direction_tablet=&#8221;default&#8221; column_direction_phone=&#8221;default&#8221; scene_position=&#8221;center&#8221; bottom_margin=&#8221;6em&#8221; bottom_margin_tablet=&#8221;3em&#8221; text_color=&#8221;dark&#8221; text_align=&#8221;left&#8221; row_border_radius=&#8221;none&#8221; row_border_radius_applies=&#8221;bg&#8221; overflow=&#8221;visible&#8221; overlay_strength=&#8221;0.3&#8243; gradient_direction=&#8221;left_to_right&#8221; shape_divider_position=&#8221;bottom&#8221; bg_image_animation=&#8221;none&#8221; gradient_type=&#8221;default&#8221; shape_type=&#8221;&#8221;][vc_column column_padding=&#8221;no-extra-padding&#8221; column_padding_tablet=&#8221;inherit&#8221; column_padding_phone=&#8221;inherit&#8221; column_padding_position=&#8221;all&#8221; column_element_direction_desktop=&#8221;default&#8221; column_element_spacing=&#8221;default&#8221; desktop_text_alignment=&#8221;default&#8221; tablet_text_alignment=&#8221;default&#8221; phone_text_alignment=&#8221;default&#8221;&#8230;<\/p>\n","protected":false},"author":2,"featured_media":0,"parent":0,"menu_order":0,"comment_status":"closed","ping_status":"closed","template":"","meta":{"_acf_changed":false,"_price":"","_stock":"","_tribe_ticket_header":"","_tribe_default_ticket_provider":"","_tribe_ticket_capacity":"0","_ticket_start_date":"","_ticket_end_date":"","_tribe_ticket_show_description":"","_tribe_ticket_show_not_going":false,"_tribe_ticket_use_global_stock":"","_tribe_ticket_global_stock_level":"","_global_stock_mode":"","_global_stock_cap":"","_tribe_rsvp_for_event":"","_tribe_ticket_going_count":"","_tribe_ticket_not_going_count":"","_tribe_tickets_list":"[]","_tribe_ticket_has_attendee_info_fields":false,"_EventAllDay":false,"_EventTimezone":"","_EventStartDate":"","_EventEndDate":"","_EventStartDateUTC":"","_EventEndDateUTC":"","_EventShowMap":false,"_EventShowMapLink":false,"_EventURL":"","_EventCost":"","_EventCostDescription":"","_EventCurrencySymbol":"","_EventCurrencyCode":"","_EventCurrencyPosition":"","_EventDateTimeSeparator":"","_EventTimeRangeSeparator":"","_EventOrganizerID":[],"_EventVenueID":[],"_OrganizerEmail":"","_OrganizerPhone":"","_OrganizerWebsite":"","_VenueAddress":"","_VenueCity":"","_VenueCountry":"","_VenueProvince":"","_VenueState":"","_VenueZip":"","_VenuePhone":"","_VenueURL":"","_VenueStateProvince":"","_VenueLat":"","_VenueLng":"","_VenueShowMap":false,"_VenueShowMapLink":false,"footnotes":"","_tec_slr_enabled":"","_tec_slr_layout":""},"class_list":["post-1520","page","type-page","status-publish"],"acf":[],"yoast_head":"<!-- This site is optimized with the Yoast SEO plugin v27.5 - https:\/\/yoast.com\/product\/yoast-seo-wordpress\/ -->\n<title>Pol\u00edtica de Privacitat | B\u00e0cum<\/title>\n<meta name=\"robots\" content=\"noindex, follow\" \/>\n<meta property=\"og:locale\" content=\"ca_ES\" \/>\n<meta property=\"og:type\" content=\"article\" \/>\n<meta property=\"og:title\" content=\"Pol\u00edtica de Privacitat | B\u00e0cum\" \/>\n<meta property=\"og:description\" content=\"[vc_row type=&#8221;in_container&#8221; full_screen_row_position=&#8221;middle&#8221; column_margin=&#8221;default&#8221; column_direction=&#8221;default&#8221; column_direction_tablet=&#8221;default&#8221; column_direction_phone=&#8221;default&#8221; scene_position=&#8221;center&#8221; bottom_margin=&#8221;6em&#8221; bottom_margin_tablet=&#8221;3em&#8221; text_color=&#8221;dark&#8221; text_align=&#8221;left&#8221; row_border_radius=&#8221;none&#8221; row_border_radius_applies=&#8221;bg&#8221; overflow=&#8221;visible&#8221; overlay_strength=&#8221;0.3&#8243; gradient_direction=&#8221;left_to_right&#8221; shape_divider_position=&#8221;bottom&#8221; bg_image_animation=&#8221;none&#8221; gradient_type=&#8221;default&#8221; shape_type=&#8221;&#8221;][vc_column column_padding=&#8221;no-extra-padding&#8221; column_padding_tablet=&#8221;inherit&#8221; column_padding_phone=&#8221;inherit&#8221; column_padding_position=&#8221;all&#8221; column_element_direction_desktop=&#8221;default&#8221; column_element_spacing=&#8221;default&#8221; desktop_text_alignment=&#8221;default&#8221; tablet_text_alignment=&#8221;default&#8221; phone_text_alignment=&#8221;default&#8221;...\" \/>\n<meta property=\"og:url\" content=\"https:\/\/bacum.info\/ca\/politica-de-privacitat\/\" \/>\n<meta property=\"og:site_name\" content=\"B\u00e0cum\" \/>\n<meta property=\"article:publisher\" content=\"http:\/\/www.facebook.com\/bacum\" \/>\n<meta property=\"article:modified_time\" content=\"2024-08-27T07:54:46+00:00\" \/>\n<meta property=\"og:image\" content=\"https:\/\/bacum.info\/wp-content\/uploads\/2024\/01\/image-15.jpg\" \/>\n\t<meta property=\"og:image:width\" content=\"1440\" \/>\n\t<meta property=\"og:image:height\" content=\"665\" \/>\n\t<meta property=\"og:image:type\" content=\"image\/jpeg\" \/>\n<meta name=\"twitter:card\" content=\"summary_large_image\" \/>\n<meta name=\"twitter:site\" content=\"@bacumtweet\" \/>\n<meta name=\"twitter:label1\" content=\"Temps estimat de lectura\" \/>\n\t<meta name=\"twitter:data1\" content=\"3 minuts\" \/>\n<script type=\"application\/ld+json\" class=\"yoast-schema-graph\">{\"@context\":\"https:\\\/\\\/schema.org\",\"@graph\":[{\"@type\":\"WebPage\",\"@id\":\"https:\\\/\\\/bacum.info\\\/ca\\\/politica-de-privacitat\\\/\",\"url\":\"https:\\\/\\\/bacum.info\\\/ca\\\/politica-de-privacitat\\\/\",\"name\":\"Pol\u00edtica de Privacitat | B\u00e0cum\",\"isPartOf\":{\"@id\":\"https:\\\/\\\/bacum.info\\\/ca\\\/#website\"},\"datePublished\":\"2024-01-25T11:43:21+00:00\",\"dateModified\":\"2024-08-27T07:54:46+00:00\",\"breadcrumb\":{\"@id\":\"https:\\\/\\\/bacum.info\\\/ca\\\/politica-de-privacitat\\\/#breadcrumb\"},\"inLanguage\":\"ca\",\"potentialAction\":[{\"@type\":\"ReadAction\",\"target\":[\"https:\\\/\\\/bacum.info\\\/ca\\\/politica-de-privacitat\\\/\"]}]},{\"@type\":\"BreadcrumbList\",\"@id\":\"https:\\\/\\\/bacum.info\\\/ca\\\/politica-de-privacitat\\\/#breadcrumb\",\"itemListElement\":[{\"@type\":\"ListItem\",\"position\":1,\"name\":\"Portada\",\"item\":\"https:\\\/\\\/bacum.info\\\/ca\\\/\"},{\"@type\":\"ListItem\",\"position\":2,\"name\":\"Pol\u00edtica de Privacitat\"}]},{\"@type\":\"WebSite\",\"@id\":\"https:\\\/\\\/bacum.info\\\/ca\\\/#website\",\"url\":\"https:\\\/\\\/bacum.info\\\/ca\\\/\",\"name\":\"B\u00e0cum\",\"description\":\"Artes esc\u00e9nicas y visuales\",\"publisher\":{\"@id\":\"https:\\\/\\\/bacum.info\\\/ca\\\/#organization\"},\"potentialAction\":[{\"@type\":\"SearchAction\",\"target\":{\"@type\":\"EntryPoint\",\"urlTemplate\":\"https:\\\/\\\/bacum.info\\\/ca\\\/?s={search_term_string}\"},\"query-input\":{\"@type\":\"PropertyValueSpecification\",\"valueRequired\":true,\"valueName\":\"search_term_string\"}}],\"inLanguage\":\"ca\"},{\"@type\":\"Organization\",\"@id\":\"https:\\\/\\\/bacum.info\\\/ca\\\/#organization\",\"name\":\"B\u00e0cum\",\"url\":\"https:\\\/\\\/bacum.info\\\/ca\\\/\",\"logo\":{\"@type\":\"ImageObject\",\"inLanguage\":\"ca\",\"@id\":\"https:\\\/\\\/bacum.info\\\/ca\\\/#\\\/schema\\\/logo\\\/image\\\/\",\"url\":\"https:\\\/\\\/bacum.info\\\/wp-content\\\/uploads\\\/2024\\\/01\\\/logo.png\",\"contentUrl\":\"https:\\\/\\\/bacum.info\\\/wp-content\\\/uploads\\\/2024\\\/01\\\/logo.png\",\"width\":85,\"height\":117,\"caption\":\"B\u00e0cum\"},\"image\":{\"@id\":\"https:\\\/\\\/bacum.info\\\/ca\\\/#\\\/schema\\\/logo\\\/image\\\/\"},\"sameAs\":[\"http:\\\/\\\/www.facebook.com\\\/bacum\",\"https:\\\/\\\/x.com\\\/bacumtweet\",\"https:\\\/\\\/www.instagram.com\\\/mucabdans\\\/\"]}]}<\/script>\n<!-- \/ Yoast SEO plugin. -->","yoast_head_json":{"title":"Pol\u00edtica de Privacitat | B\u00e0cum","robots":{"index":"noindex","follow":"follow"},"og_locale":"ca_ES","og_type":"article","og_title":"Pol\u00edtica de Privacitat | B\u00e0cum","og_description":"[vc_row type=&#8221;in_container&#8221; full_screen_row_position=&#8221;middle&#8221; column_margin=&#8221;default&#8221; column_direction=&#8221;default&#8221; column_direction_tablet=&#8221;default&#8221; column_direction_phone=&#8221;default&#8221; scene_position=&#8221;center&#8221; bottom_margin=&#8221;6em&#8221; bottom_margin_tablet=&#8221;3em&#8221; text_color=&#8221;dark&#8221; text_align=&#8221;left&#8221; row_border_radius=&#8221;none&#8221; row_border_radius_applies=&#8221;bg&#8221; overflow=&#8221;visible&#8221; overlay_strength=&#8221;0.3&#8243; gradient_direction=&#8221;left_to_right&#8221; shape_divider_position=&#8221;bottom&#8221; bg_image_animation=&#8221;none&#8221; gradient_type=&#8221;default&#8221; shape_type=&#8221;&#8221;][vc_column column_padding=&#8221;no-extra-padding&#8221; column_padding_tablet=&#8221;inherit&#8221; column_padding_phone=&#8221;inherit&#8221; column_padding_position=&#8221;all&#8221; column_element_direction_desktop=&#8221;default&#8221; column_element_spacing=&#8221;default&#8221; desktop_text_alignment=&#8221;default&#8221; tablet_text_alignment=&#8221;default&#8221; phone_text_alignment=&#8221;default&#8221;...","og_url":"https:\/\/bacum.info\/ca\/politica-de-privacitat\/","og_site_name":"B\u00e0cum","article_publisher":"http:\/\/www.facebook.com\/bacum","article_modified_time":"2024-08-27T07:54:46+00:00","og_image":[{"width":1440,"height":665,"url":"https:\/\/bacum.info\/wp-content\/uploads\/2024\/01\/image-15.jpg","type":"image\/jpeg"}],"twitter_card":"summary_large_image","twitter_site":"@bacumtweet","twitter_misc":{"Temps estimat de lectura":"3 minuts"},"schema":{"@context":"https:\/\/schema.org","@graph":[{"@type":"WebPage","@id":"https:\/\/bacum.info\/ca\/politica-de-privacitat\/","url":"https:\/\/bacum.info\/ca\/politica-de-privacitat\/","name":"Pol\u00edtica de Privacitat | B\u00e0cum","isPartOf":{"@id":"https:\/\/bacum.info\/ca\/#website"},"datePublished":"2024-01-25T11:43:21+00:00","dateModified":"2024-08-27T07:54:46+00:00","breadcrumb":{"@id":"https:\/\/bacum.info\/ca\/politica-de-privacitat\/#breadcrumb"},"inLanguage":"ca","potentialAction":[{"@type":"ReadAction","target":["https:\/\/bacum.info\/ca\/politica-de-privacitat\/"]}]},{"@type":"BreadcrumbList","@id":"https:\/\/bacum.info\/ca\/politica-de-privacitat\/#breadcrumb","itemListElement":[{"@type":"ListItem","position":1,"name":"Portada","item":"https:\/\/bacum.info\/ca\/"},{"@type":"ListItem","position":2,"name":"Pol\u00edtica de Privacitat"}]},{"@type":"WebSite","@id":"https:\/\/bacum.info\/ca\/#website","url":"https:\/\/bacum.info\/ca\/","name":"B\u00e0cum","description":"Artes esc\u00e9nicas y visuales","publisher":{"@id":"https:\/\/bacum.info\/ca\/#organization"},"potentialAction":[{"@type":"SearchAction","target":{"@type":"EntryPoint","urlTemplate":"https:\/\/bacum.info\/ca\/?s={search_term_string}"},"query-input":{"@type":"PropertyValueSpecification","valueRequired":true,"valueName":"search_term_string"}}],"inLanguage":"ca"},{"@type":"Organization","@id":"https:\/\/bacum.info\/ca\/#organization","name":"B\u00e0cum","url":"https:\/\/bacum.info\/ca\/","logo":{"@type":"ImageObject","inLanguage":"ca","@id":"https:\/\/bacum.info\/ca\/#\/schema\/logo\/image\/","url":"https:\/\/bacum.info\/wp-content\/uploads\/2024\/01\/logo.png","contentUrl":"https:\/\/bacum.info\/wp-content\/uploads\/2024\/01\/logo.png","width":85,"height":117,"caption":"B\u00e0cum"},"image":{"@id":"https:\/\/bacum.info\/ca\/#\/schema\/logo\/image\/"},"sameAs":["http:\/\/www.facebook.com\/bacum","https:\/\/x.com\/bacumtweet","https:\/\/www.instagram.com\/mucabdans\/"]}]}},"ticketed":false,"_links":{"self":[{"href":"https:\/\/bacum.info\/ca\/wp-json\/wp\/v2\/pages\/1520","targetHints":{"allow":["GET"]}}],"collection":[{"href":"https:\/\/bacum.info\/ca\/wp-json\/wp\/v2\/pages"}],"about":[{"href":"https:\/\/bacum.info\/ca\/wp-json\/wp\/v2\/types\/page"}],"author":[{"embeddable":true,"href":"https:\/\/bacum.info\/ca\/wp-json\/wp\/v2\/users\/2"}],"replies":[{"embeddable":true,"href":"https:\/\/bacum.info\/ca\/wp-json\/wp\/v2\/comments?post=1520"}],"version-history":[{"count":7,"href":"https:\/\/bacum.info\/ca\/wp-json\/wp\/v2\/pages\/1520\/revisions"}],"predecessor-version":[{"id":1537,"href":"https:\/\/bacum.info\/ca\/wp-json\/wp\/v2\/pages\/1520\/revisions\/1537"}],"wp:attachment":[{"href":"https:\/\/bacum.info\/ca\/wp-json\/wp\/v2\/media?parent=1520"}],"curies":[{"name":"wp","href":"https:\/\/api.w.org\/{rel}","templated":true}]}}