{"id":1248,"date":"2024-01-26T09:54:33","date_gmt":"2024-01-26T08:54:33","guid":{"rendered":"https:\/\/bacum.info\/politica-de-cookies\/"},"modified":"2024-08-27T09:54:52","modified_gmt":"2024-08-27T07:54:52","slug":"politica-de-cookies","status":"publish","type":"page","link":"https:\/\/bacum.info\/ca\/politica-de-cookies\/","title":{"rendered":"Pol\u00edtica de Cookies"},"content":{"rendered":"[vc_row type=&#8221;in_container&#8221; full_screen_row_position=&#8221;middle&#8221; column_margin=&#8221;default&#8221; column_direction=&#8221;default&#8221; column_direction_tablet=&#8221;default&#8221; column_direction_phone=&#8221;default&#8221; scene_position=&#8221;center&#8221; bottom_margin=&#8221;6em&#8221; bottom_margin_tablet=&#8221;3em&#8221; text_color=&#8221;dark&#8221; text_align=&#8221;left&#8221; row_border_radius=&#8221;none&#8221; row_border_radius_applies=&#8221;bg&#8221; overflow=&#8221;visible&#8221; overlay_strength=&#8221;0.3&#8243; gradient_direction=&#8221;left_to_right&#8221; shape_divider_position=&#8221;bottom&#8221; bg_image_animation=&#8221;none&#8221; gradient_type=&#8221;default&#8221; shape_type=&#8221;&#8221;][vc_column column_padding=&#8221;no-extra-padding&#8221; column_padding_tablet=&#8221;inherit&#8221; column_padding_phone=&#8221;inherit&#8221; column_padding_position=&#8221;all&#8221; column_element_direction_desktop=&#8221;default&#8221; column_element_spacing=&#8221;default&#8221; desktop_text_alignment=&#8221;default&#8221; tablet_text_alignment=&#8221;default&#8221; phone_text_alignment=&#8221;default&#8221; background_color_opacity=&#8221;1&#8243; background_hover_color_opacity=&#8221;1&#8243; column_backdrop_filter=&#8221;none&#8221; column_shadow=&#8221;none&#8221; column_border_radius=&#8221;none&#8221; column_link_target=&#8221;_self&#8221; column_position=&#8221;default&#8221; gradient_direction=&#8221;left_to_right&#8221; overlay_strength=&#8221;0.3&#8243; width=&#8221;1\/1&#8243; tablet_width_inherit=&#8221;default&#8221; animation_type=&#8221;default&#8221; bg_image_animation=&#8221;none&#8221; border_type=&#8221;simple&#8221; column_border_width=&#8221;none&#8221; column_border_style=&#8221;solid&#8221;][vc_column_text text_direction=&#8221;default&#8221;]\n<div class=\"wpb_text_column wpb_content_element vc_custom_1533312705391\">\n<div class=\"wpb_wrapper\">\n<p>Aquesta Pol\u00edtica de Cookies descriu com B\u00e0cum utilitza cookies i tecnologies similars al lloc web <a href=\"https:\/\/www.bacum.com\">https:\/\/www.bacum.info<\/a>. En utilitzar el nostre lloc web, vost\u00e8 accepta l&#8217;\u00fas de cookies d&#8217;acord amb aquesta pol\u00edtica.<\/p>\n<h4>Qu\u00e8 s\u00f3n les cookies?<\/h4>\n<p>Les cookies s\u00f3n petits arxius de text que s&#8217;emmagatzemen en el seu dispositiu (com a computadora, tel\u00e8fon m\u00f2bil o tauleta) quan visita el nostre lloc web. Aquestes cookies ens permeten recon\u00e8ixer el seu dispositiu i millorar la seva experi\u00e8ncia de navegaci\u00f3.<br \/>\nTipus de cookies utilitzades:<br \/>\nUtilitzem els seg\u00fcents tipus de cookies en el nostre lloc web:<\/p>\n<p>a) <strong>Cookies essencials<\/strong>: Aquestes cookies s\u00f3n necess\u00e0ries per al funcionament b\u00e0sic del lloc web. Ens ajuden a recordar les seves prefer\u00e8ncies, com l&#8217;idioma triat, i faciliten la navegaci\u00f3 pel lloc.<\/p>\n<p>b) <strong>Cookies de rendiment<\/strong>: Aquestes cookies recopilen informaci\u00f3 sobre com els visitants utilitzen el nostre lloc web, com les p\u00e0gines visitades amb m\u00e9s freq\u00fc\u00e8ncia. Aquestes dades ens permeten optimitzar el nostre lloc web i millorar el seu rendiment.<\/p>\n<p>c) <strong>Cookies de funcionalitat<\/strong>: Aquestes cookies permeten que el nostre lloc web recordi les eleccions que ha realitzat (com el seu nom d&#8217;usuari, idioma o regi\u00f3) i proporcioni caracter\u00edstiques millorades i personalitzades.<\/p>\n<p>d) <strong>Cookies de seguiment i publicitat<\/strong>: Utilitzem cookies de tercers per a realitzar un seguiment de la seva activitat de navegaci\u00f3 i oferir-li publicitat personalitzada basada en els seus interessos. Aquestes cookies recopilen informaci\u00f3 sobre les seves visites al nostre lloc web i altres llocs, i poden compartir aquesta informaci\u00f3 amb tercers per a mostrar-li anuncis rellevants.<\/p>\n<h4>Control de cookies:<\/h4>\n<p>L&#8217;usuari podr\u00e0 retirar en qualsevol moment el seu consentiment relacionat amb l&#8217;\u00fas de Cookies mitjan\u00e7ant el seg\u00fcent enlla\u00e7: <a class=\"cky-banner-element\" href=\"#\">configuraci\u00f3 de cookies<\/a>. En pr\u00e9mer en l&#8217;enlla\u00e7, s&#8217;obrir\u00e0 novament el panell de configuraci\u00f3, podent l&#8217;usuari gestionar les seves prefer\u00e8ncies, aix\u00ed com rebutjar o acceptar l&#8217;\u00fas de les cookies.<\/p>\n<p>Pot controlar i administrar les cookies en el seu navegador. La majoria dels navegadors web li permeten rebutjar o acceptar cookies, aix\u00ed com eliminar les cookies existents en el seu dispositiu. Tingui en compte que en desactivar o eliminar les cookies, \u00e9s possible que algunes parts del nostre lloc web no funcionin correctament.<\/p>\n<h4>Cookies de tercers:<\/h4>\n<p>\u00c9s possible que en el nostre lloc web utilitzem cookies de tercers, com Google Analytics, per a recopilar informaci\u00f3 sobre l&#8217;\u00fas del lloc i proporcionar informes estad\u00edstics. Aquestes cookies s\u00f3n controlades per tercers i estan subjectes a les seves pr\u00f2pies pol\u00edtiques de privacitat.<\/p>\n<h4>Canvis a la Pol\u00edtica de Cookies:<\/h4>\n<p>Ens reservem el dret d&#8217;actualitzar o modificar aquesta Pol\u00edtica de Cookies en qualsevol moment. Qualsevol canvi entrar\u00e0 en vig\u00e8ncia immediatament despr\u00e9s de la seva publicaci\u00f3 en el nostre lloc web.<\/p>\n<p>Si t\u00e9 alguna pregunta o inquietud sobre la nostra Pol\u00edtica de Cookies, no dubti a posar-se en contacte amb nosaltres:<\/p>\n<p>B\u00e0cum<br \/>\nRamon i Cajal 101, baixos. Barcelona<br \/>\nEmail: <a href=\"mailto:info@bacum.com\">info@bacum.info<\/a><\/p>\n<p>Data d&#8217;entrada en vigor: 30 de Gener de 2024<\/p>\n<\/div>\n<\/div>\n[\/vc_column_text][\/vc_column][\/vc_row]\n","protected":false},"excerpt":{"rendered":"<p>[vc_row type=&#8221;in_container&#8221; full_screen_row_position=&#8221;middle&#8221; column_margin=&#8221;default&#8221; column_direction=&#8221;default&#8221; column_direction_tablet=&#8221;default&#8221; column_direction_phone=&#8221;default&#8221; scene_position=&#8221;center&#8221; bottom_margin=&#8221;6em&#8221; bottom_margin_tablet=&#8221;3em&#8221; text_color=&#8221;dark&#8221; text_align=&#8221;left&#8221; row_border_radius=&#8221;none&#8221; row_border_radius_applies=&#8221;bg&#8221; overflow=&#8221;visible&#8221; overlay_strength=&#8221;0.3&#8243; gradient_direction=&#8221;left_to_right&#8221; shape_divider_position=&#8221;bottom&#8221; bg_image_animation=&#8221;none&#8221; gradient_type=&#8221;default&#8221; shape_type=&#8221;&#8221;][vc_column column_padding=&#8221;no-extra-padding&#8221; column_padding_tablet=&#8221;inherit&#8221; column_padding_phone=&#8221;inherit&#8221; column_padding_position=&#8221;all&#8221; column_element_direction_desktop=&#8221;default&#8221; column_element_spacing=&#8221;default&#8221; desktop_text_alignment=&#8221;default&#8221; tablet_text_alignment=&#8221;default&#8221; phone_text_alignment=&#8221;default&#8221;&#8230;<\/p>\n","protected":false},"author":2,"featured_media":0,"parent":0,"menu_order":0,"comment_status":"closed","ping_status":"closed","template":"","meta":{"_acf_changed":false,"_price":"","_stock":"","_tribe_ticket_header":"","_tribe_default_ticket_provider":"","_tribe_ticket_capacity":"0","_ticket_start_date":"","_ticket_end_date":"","_tribe_ticket_show_description":"","_tribe_ticket_show_not_going":false,"_tribe_ticket_use_global_stock":"","_tribe_ticket_global_stock_level":"","_global_stock_mode":"","_global_stock_cap":"","_tribe_rsvp_for_event":"","_tribe_ticket_going_count":"","_tribe_ticket_not_going_count":"","_tribe_tickets_list":"[]","_tribe_ticket_has_attendee_info_fields":false,"_EventAllDay":false,"_EventTimezone":"","_EventStartDate":"","_EventEndDate":"","_EventStartDateUTC":"","_EventEndDateUTC":"","_EventShowMap":false,"_EventShowMapLink":false,"_EventURL":"","_EventCost":"","_EventCostDescription":"","_EventCurrencySymbol":"","_EventCurrencyCode":"","_EventCurrencyPosition":"","_EventDateTimeSeparator":"","_EventTimeRangeSeparator":"","_EventOrganizerID":[],"_EventVenueID":[],"_OrganizerEmail":"","_OrganizerPhone":"","_OrganizerWebsite":"","_VenueAddress":"","_VenueCity":"","_VenueCountry":"","_VenueProvince":"","_VenueState":"","_VenueZip":"","_VenuePhone":"","_VenueURL":"","_VenueStateProvince":"","_VenueLat":"","_VenueLng":"","_VenueShowMap":false,"_VenueShowMapLink":false,"footnotes":"","_tec_slr_enabled":"","_tec_slr_layout":""},"class_list":["post-1248","page","type-page","status-publish"],"acf":[],"yoast_head":"<!-- This site is optimized with the Yoast SEO plugin v27.5 - https:\/\/yoast.com\/product\/yoast-seo-wordpress\/ -->\n<title>Pol\u00edtica de Cookies | B\u00e0cum<\/title>\n<meta name=\"robots\" content=\"noindex, follow\" \/>\n<meta property=\"og:locale\" content=\"ca_ES\" \/>\n<meta property=\"og:type\" content=\"article\" \/>\n<meta property=\"og:title\" content=\"Pol\u00edtica de Cookies | B\u00e0cum\" \/>\n<meta property=\"og:description\" content=\"[vc_row type=&#8221;in_container&#8221; full_screen_row_position=&#8221;middle&#8221; column_margin=&#8221;default&#8221; column_direction=&#8221;default&#8221; column_direction_tablet=&#8221;default&#8221; column_direction_phone=&#8221;default&#8221; scene_position=&#8221;center&#8221; bottom_margin=&#8221;6em&#8221; bottom_margin_tablet=&#8221;3em&#8221; text_color=&#8221;dark&#8221; text_align=&#8221;left&#8221; row_border_radius=&#8221;none&#8221; row_border_radius_applies=&#8221;bg&#8221; overflow=&#8221;visible&#8221; overlay_strength=&#8221;0.3&#8243; gradient_direction=&#8221;left_to_right&#8221; shape_divider_position=&#8221;bottom&#8221; bg_image_animation=&#8221;none&#8221; gradient_type=&#8221;default&#8221; shape_type=&#8221;&#8221;][vc_column column_padding=&#8221;no-extra-padding&#8221; column_padding_tablet=&#8221;inherit&#8221; column_padding_phone=&#8221;inherit&#8221; column_padding_position=&#8221;all&#8221; column_element_direction_desktop=&#8221;default&#8221; column_element_spacing=&#8221;default&#8221; desktop_text_alignment=&#8221;default&#8221; tablet_text_alignment=&#8221;default&#8221; phone_text_alignment=&#8221;default&#8221;...\" \/>\n<meta property=\"og:url\" content=\"https:\/\/bacum.info\/ca\/politica-de-cookies\/\" \/>\n<meta property=\"og:site_name\" content=\"B\u00e0cum\" \/>\n<meta property=\"article:publisher\" content=\"http:\/\/www.facebook.com\/bacum\" \/>\n<meta property=\"article:modified_time\" content=\"2024-08-27T07:54:52+00:00\" \/>\n<meta property=\"og:image\" content=\"https:\/\/bacum.info\/wp-content\/uploads\/2024\/01\/image-15.jpg\" \/>\n\t<meta property=\"og:image:width\" content=\"1440\" \/>\n\t<meta property=\"og:image:height\" content=\"665\" \/>\n\t<meta property=\"og:image:type\" content=\"image\/jpeg\" \/>\n<meta name=\"twitter:card\" content=\"summary_large_image\" \/>\n<meta name=\"twitter:site\" content=\"@bacumtweet\" \/>\n<meta name=\"twitter:label1\" content=\"Temps estimat de lectura\" \/>\n\t<meta name=\"twitter:data1\" content=\"3 minuts\" \/>\n<script type=\"application\/ld+json\" class=\"yoast-schema-graph\">{\"@context\":\"https:\\\/\\\/schema.org\",\"@graph\":[{\"@type\":\"WebPage\",\"@id\":\"https:\\\/\\\/bacum.info\\\/ca\\\/politica-de-cookies\\\/\",\"url\":\"https:\\\/\\\/bacum.info\\\/ca\\\/politica-de-cookies\\\/\",\"name\":\"Pol\u00edtica de Cookies | B\u00e0cum\",\"isPartOf\":{\"@id\":\"https:\\\/\\\/bacum.info\\\/ca\\\/#website\"},\"datePublished\":\"2024-01-26T08:54:33+00:00\",\"dateModified\":\"2024-08-27T07:54:52+00:00\",\"breadcrumb\":{\"@id\":\"https:\\\/\\\/bacum.info\\\/ca\\\/politica-de-cookies\\\/#breadcrumb\"},\"inLanguage\":\"ca\",\"potentialAction\":[{\"@type\":\"ReadAction\",\"target\":[\"https:\\\/\\\/bacum.info\\\/ca\\\/politica-de-cookies\\\/\"]}]},{\"@type\":\"BreadcrumbList\",\"@id\":\"https:\\\/\\\/bacum.info\\\/ca\\\/politica-de-cookies\\\/#breadcrumb\",\"itemListElement\":[{\"@type\":\"ListItem\",\"position\":1,\"name\":\"Portada\",\"item\":\"https:\\\/\\\/bacum.info\\\/ca\\\/\"},{\"@type\":\"ListItem\",\"position\":2,\"name\":\"Pol\u00edtica de Cookies\"}]},{\"@type\":\"WebSite\",\"@id\":\"https:\\\/\\\/bacum.info\\\/ca\\\/#website\",\"url\":\"https:\\\/\\\/bacum.info\\\/ca\\\/\",\"name\":\"B\u00e0cum\",\"description\":\"Artes esc\u00e9nicas y visuales\",\"publisher\":{\"@id\":\"https:\\\/\\\/bacum.info\\\/ca\\\/#organization\"},\"potentialAction\":[{\"@type\":\"SearchAction\",\"target\":{\"@type\":\"EntryPoint\",\"urlTemplate\":\"https:\\\/\\\/bacum.info\\\/ca\\\/?s={search_term_string}\"},\"query-input\":{\"@type\":\"PropertyValueSpecification\",\"valueRequired\":true,\"valueName\":\"search_term_string\"}}],\"inLanguage\":\"ca\"},{\"@type\":\"Organization\",\"@id\":\"https:\\\/\\\/bacum.info\\\/ca\\\/#organization\",\"name\":\"B\u00e0cum\",\"url\":\"https:\\\/\\\/bacum.info\\\/ca\\\/\",\"logo\":{\"@type\":\"ImageObject\",\"inLanguage\":\"ca\",\"@id\":\"https:\\\/\\\/bacum.info\\\/ca\\\/#\\\/schema\\\/logo\\\/image\\\/\",\"url\":\"https:\\\/\\\/bacum.info\\\/wp-content\\\/uploads\\\/2024\\\/01\\\/logo.png\",\"contentUrl\":\"https:\\\/\\\/bacum.info\\\/wp-content\\\/uploads\\\/2024\\\/01\\\/logo.png\",\"width\":85,\"height\":117,\"caption\":\"B\u00e0cum\"},\"image\":{\"@id\":\"https:\\\/\\\/bacum.info\\\/ca\\\/#\\\/schema\\\/logo\\\/image\\\/\"},\"sameAs\":[\"http:\\\/\\\/www.facebook.com\\\/bacum\",\"https:\\\/\\\/x.com\\\/bacumtweet\",\"https:\\\/\\\/www.instagram.com\\\/mucabdans\\\/\"]}]}<\/script>\n<!-- \/ Yoast SEO plugin. -->","yoast_head_json":{"title":"Pol\u00edtica de Cookies | B\u00e0cum","robots":{"index":"noindex","follow":"follow"},"og_locale":"ca_ES","og_type":"article","og_title":"Pol\u00edtica de Cookies | B\u00e0cum","og_description":"[vc_row type=&#8221;in_container&#8221; full_screen_row_position=&#8221;middle&#8221; column_margin=&#8221;default&#8221; column_direction=&#8221;default&#8221; column_direction_tablet=&#8221;default&#8221; column_direction_phone=&#8221;default&#8221; scene_position=&#8221;center&#8221; bottom_margin=&#8221;6em&#8221; bottom_margin_tablet=&#8221;3em&#8221; text_color=&#8221;dark&#8221; text_align=&#8221;left&#8221; row_border_radius=&#8221;none&#8221; row_border_radius_applies=&#8221;bg&#8221; overflow=&#8221;visible&#8221; overlay_strength=&#8221;0.3&#8243; gradient_direction=&#8221;left_to_right&#8221; shape_divider_position=&#8221;bottom&#8221; bg_image_animation=&#8221;none&#8221; gradient_type=&#8221;default&#8221; shape_type=&#8221;&#8221;][vc_column column_padding=&#8221;no-extra-padding&#8221; column_padding_tablet=&#8221;inherit&#8221; column_padding_phone=&#8221;inherit&#8221; column_padding_position=&#8221;all&#8221; column_element_direction_desktop=&#8221;default&#8221; column_element_spacing=&#8221;default&#8221; desktop_text_alignment=&#8221;default&#8221; tablet_text_alignment=&#8221;default&#8221; phone_text_alignment=&#8221;default&#8221;...","og_url":"https:\/\/bacum.info\/ca\/politica-de-cookies\/","og_site_name":"B\u00e0cum","article_publisher":"http:\/\/www.facebook.com\/bacum","article_modified_time":"2024-08-27T07:54:52+00:00","og_image":[{"width":1440,"height":665,"url":"https:\/\/bacum.info\/wp-content\/uploads\/2024\/01\/image-15.jpg","type":"image\/jpeg"}],"twitter_card":"summary_large_image","twitter_site":"@bacumtweet","twitter_misc":{"Temps estimat de lectura":"3 minuts"},"schema":{"@context":"https:\/\/schema.org","@graph":[{"@type":"WebPage","@id":"https:\/\/bacum.info\/ca\/politica-de-cookies\/","url":"https:\/\/bacum.info\/ca\/politica-de-cookies\/","name":"Pol\u00edtica de Cookies | B\u00e0cum","isPartOf":{"@id":"https:\/\/bacum.info\/ca\/#website"},"datePublished":"2024-01-26T08:54:33+00:00","dateModified":"2024-08-27T07:54:52+00:00","breadcrumb":{"@id":"https:\/\/bacum.info\/ca\/politica-de-cookies\/#breadcrumb"},"inLanguage":"ca","potentialAction":[{"@type":"ReadAction","target":["https:\/\/bacum.info\/ca\/politica-de-cookies\/"]}]},{"@type":"BreadcrumbList","@id":"https:\/\/bacum.info\/ca\/politica-de-cookies\/#breadcrumb","itemListElement":[{"@type":"ListItem","position":1,"name":"Portada","item":"https:\/\/bacum.info\/ca\/"},{"@type":"ListItem","position":2,"name":"Pol\u00edtica de Cookies"}]},{"@type":"WebSite","@id":"https:\/\/bacum.info\/ca\/#website","url":"https:\/\/bacum.info\/ca\/","name":"B\u00e0cum","description":"Artes esc\u00e9nicas y visuales","publisher":{"@id":"https:\/\/bacum.info\/ca\/#organization"},"potentialAction":[{"@type":"SearchAction","target":{"@type":"EntryPoint","urlTemplate":"https:\/\/bacum.info\/ca\/?s={search_term_string}"},"query-input":{"@type":"PropertyValueSpecification","valueRequired":true,"valueName":"search_term_string"}}],"inLanguage":"ca"},{"@type":"Organization","@id":"https:\/\/bacum.info\/ca\/#organization","name":"B\u00e0cum","url":"https:\/\/bacum.info\/ca\/","logo":{"@type":"ImageObject","inLanguage":"ca","@id":"https:\/\/bacum.info\/ca\/#\/schema\/logo\/image\/","url":"https:\/\/bacum.info\/wp-content\/uploads\/2024\/01\/logo.png","contentUrl":"https:\/\/bacum.info\/wp-content\/uploads\/2024\/01\/logo.png","width":85,"height":117,"caption":"B\u00e0cum"},"image":{"@id":"https:\/\/bacum.info\/ca\/#\/schema\/logo\/image\/"},"sameAs":["http:\/\/www.facebook.com\/bacum","https:\/\/x.com\/bacumtweet","https:\/\/www.instagram.com\/mucabdans\/"]}]}},"ticketed":false,"_links":{"self":[{"href":"https:\/\/bacum.info\/ca\/wp-json\/wp\/v2\/pages\/1248","targetHints":{"allow":["GET"]}}],"collection":[{"href":"https:\/\/bacum.info\/ca\/wp-json\/wp\/v2\/pages"}],"about":[{"href":"https:\/\/bacum.info\/ca\/wp-json\/wp\/v2\/types\/page"}],"author":[{"embeddable":true,"href":"https:\/\/bacum.info\/ca\/wp-json\/wp\/v2\/users\/2"}],"replies":[{"embeddable":true,"href":"https:\/\/bacum.info\/ca\/wp-json\/wp\/v2\/comments?post=1248"}],"version-history":[{"count":4,"href":"https:\/\/bacum.info\/ca\/wp-json\/wp\/v2\/pages\/1248\/revisions"}],"predecessor-version":[{"id":1688,"href":"https:\/\/bacum.info\/ca\/wp-json\/wp\/v2\/pages\/1248\/revisions\/1688"}],"wp:attachment":[{"href":"https:\/\/bacum.info\/ca\/wp-json\/wp\/v2\/media?parent=1248"}],"curies":[{"name":"wp","href":"https:\/\/api.w.org\/{rel}","templated":true}]}}