{"id":1203,"date":"2024-01-26T09:54:03","date_gmt":"2024-01-26T08:54:03","guid":{"rendered":"https:\/\/bacum.info\/avis-legal\/"},"modified":"2024-08-27T09:27:22","modified_gmt":"2024-08-27T07:27:22","slug":"avis-legal","status":"publish","type":"page","link":"https:\/\/bacum.info\/ca\/avis-legal\/","title":{"rendered":"Av\u00eds Legal"},"content":{"rendered":"[vc_row type=&#8221;in_container&#8221; full_screen_row_position=&#8221;middle&#8221; column_margin=&#8221;default&#8221; column_direction=&#8221;default&#8221; column_direction_tablet=&#8221;default&#8221; column_direction_phone=&#8221;default&#8221; scene_position=&#8221;center&#8221; bottom_margin=&#8221;6em&#8221; bottom_margin_tablet=&#8221;3em&#8221; text_color=&#8221;dark&#8221; text_align=&#8221;left&#8221; row_border_radius=&#8221;none&#8221; row_border_radius_applies=&#8221;bg&#8221; overflow=&#8221;visible&#8221; overlay_strength=&#8221;0.3&#8243; gradient_direction=&#8221;left_to_right&#8221; shape_divider_position=&#8221;bottom&#8221; bg_image_animation=&#8221;none&#8221; gradient_type=&#8221;default&#8221; shape_type=&#8221;&#8221;][vc_column column_padding=&#8221;no-extra-padding&#8221; column_padding_tablet=&#8221;inherit&#8221; column_padding_phone=&#8221;inherit&#8221; column_padding_position=&#8221;all&#8221; column_element_direction_desktop=&#8221;default&#8221; column_element_spacing=&#8221;default&#8221; desktop_text_alignment=&#8221;default&#8221; tablet_text_alignment=&#8221;default&#8221; phone_text_alignment=&#8221;default&#8221; background_color_opacity=&#8221;1&#8243; background_hover_color_opacity=&#8221;1&#8243; column_backdrop_filter=&#8221;none&#8221; column_shadow=&#8221;none&#8221; column_border_radius=&#8221;none&#8221; column_link_target=&#8221;_self&#8221; column_position=&#8221;default&#8221; gradient_direction=&#8221;left_to_right&#8221; overlay_strength=&#8221;0.3&#8243; width=&#8221;1\/1&#8243; tablet_width_inherit=&#8221;default&#8221; animation_type=&#8221;default&#8221; bg_image_animation=&#8221;none&#8221; border_type=&#8221;simple&#8221; column_border_width=&#8221;none&#8221; column_border_style=&#8221;solid&#8221;][vc_column_text text_direction=&#8221;default&#8221;]Aquest Av\u00eds Legal estableix les condicions d&#8217;\u00fas del lloc web <a href=\"https:\/\/www.bacum.info\">https:\/\/www.bacum.info,<\/a> propietat de B\u00e0cum. En accedir i utilitzar aquest lloc web, vost\u00e8 accepta complir amb els termes i condicions establerts a continuaci\u00f3.<\/p>\n<h4>Titularitat del lloc web:<\/h4>\n<p>Aquest lloc web pertany i \u00e9s operat per B\u00e0cum. Tots els drets sobre el contingut i el disseny del lloc web estan reservats i s\u00f3n propietat exclusiva de B\u00e0cum.<\/p>\n<h4>\u00das del lloc web:<\/h4>\n<p>L&#8217;\u00fas d&#8217;aquest lloc web est\u00e0 subjecte a les seg\u00fcents condicions:<\/p>\n<p>a) El contingut d&#8217;aquest lloc web \u00e9s \u00fanicament per a fins informatius i no constitueix assessorament professional o comercial.<br \/>\nb) Vost\u00e8 es compromet a utilitzar aquest lloc web de manera responsable i respectar totes les lleis i regulacions aplicables.<br \/>\nc) No est\u00e0 perm\u00e8s utilitzar aquest lloc web de manera que causi mal, interrupci\u00f3 o deterioraci\u00f3 del lloc web o la seva funcionalitat.<br \/>\nd) No est\u00e0 perm\u00e8s utilitzar aquest lloc web per a enviar o transmetre qualsevol material no autoritzat, il\u00b7legal, difamatori, ofensiu o que pugui infringir els drets de tercers.<br \/>\ne) Ens reservem el dret de modificar, suspendre o interrompre aquest lloc web, totalment o parcialment, en qualsevol moment i sense previ av\u00eds.<\/p>\n<h4>Propietat intel\u00b7lectual:<\/h4>\n<p>Tots els drets de propietat intel\u00b7lectual sobre el contingut d&#8217;aquest lloc web, incloent-hi textos, imatges, gr\u00e0fics, logotips, v\u00eddeos, \u00e0udios i altres elements, pertanyen a B\u00e0cum. Queda estrictament prohibida la seva reproducci\u00f3, distribuci\u00f3, modificaci\u00f3 o qualsevol altre \u00fas sense el consentiment previ i per escrit de B\u00e0cum.<\/p>\n<h4>Enlla\u00e7os a tercers:<\/h4>\n<p>Aquest lloc web pot contenir enlla\u00e7os a llocs web de tercers. Aquests enlla\u00e7os es proporcionen \u00fanicament per a la seva conveni\u00e8ncia i no impliquen cap suport o associaci\u00f3 amb aquests llocs web. B\u00e0cum no es fa responsable de la disponibilitat, contingut, productes, serveis o altres materials trobats en aquests llocs web de tercers.<\/p>\n<h4>Limitaci\u00f3 de responsabilitat:<\/h4>\n<p>B\u00e0cum no ser\u00e0 responsable de cap mal directe, indirecte, incidental, especial, consecuencial o punitiu que sorgeixi de l&#8217;\u00fas o la impossibilitat d&#8217;\u00fas d&#8217;aquest lloc web, incloent-hi virus inform\u00e0tics, errors, interrupcions, inexactituds o defectes en la informaci\u00f3 o els materials, fins i tot si se&#8217;ns ha informat de la possibilitat d&#8217;aquests danys.<\/p>\n<h4>Llei aplicable i jurisdicci\u00f3:<\/h4>\n<p>Aquest Av\u00eds Legal es regeix per les lleis d&#8217;Espanya. Qualsevol disputa que sorgeixi en relaci\u00f3 amb aquest lloc web se sotmetr\u00e0 a la jurisdicci\u00f3 exclusiva dels tribunals de Barcelona.<\/p>\n<p>Si t\u00e9 alguna pregunta o inquietud sobre aquest Av\u00eds Legal, no dubti a posar-se en contacte amb nosaltres:<\/p>\n<p>B\u00e0cum<br \/>\nRamon i Cajal 101, baixos. Barcelona<br \/>\nEmail: <a href=\"mailto:info@bacum.info\">info@bacum.info<\/a><\/p>\n<p>Data d&#8217;entrada en vigor: 30 de Gener de 2024.[\/vc_column_text][\/vc_column][\/vc_row]\n","protected":false},"excerpt":{"rendered":"<p>[vc_row type=&#8221;in_container&#8221; full_screen_row_position=&#8221;middle&#8221; column_margin=&#8221;default&#8221; column_direction=&#8221;default&#8221; column_direction_tablet=&#8221;default&#8221; column_direction_phone=&#8221;default&#8221; scene_position=&#8221;center&#8221; bottom_margin=&#8221;6em&#8221; bottom_margin_tablet=&#8221;3em&#8221; text_color=&#8221;dark&#8221; text_align=&#8221;left&#8221; row_border_radius=&#8221;none&#8221; row_border_radius_applies=&#8221;bg&#8221; overflow=&#8221;visible&#8221; overlay_strength=&#8221;0.3&#8243; gradient_direction=&#8221;left_to_right&#8221; shape_divider_position=&#8221;bottom&#8221; bg_image_animation=&#8221;none&#8221; gradient_type=&#8221;default&#8221; shape_type=&#8221;&#8221;][vc_column column_padding=&#8221;no-extra-padding&#8221; column_padding_tablet=&#8221;inherit&#8221; column_padding_phone=&#8221;inherit&#8221; column_padding_position=&#8221;all&#8221; column_element_direction_desktop=&#8221;default&#8221; column_element_spacing=&#8221;default&#8221; desktop_text_alignment=&#8221;default&#8221; tablet_text_alignment=&#8221;default&#8221; phone_text_alignment=&#8221;default&#8221;&#8230;<\/p>\n","protected":false},"author":2,"featured_media":0,"parent":0,"menu_order":0,"comment_status":"closed","ping_status":"closed","template":"","meta":{"_acf_changed":false,"_price":"","_stock":"","_tribe_ticket_header":"","_tribe_default_ticket_provider":"","_tribe_ticket_capacity":"0","_ticket_start_date":"","_ticket_end_date":"","_tribe_ticket_show_description":"","_tribe_ticket_show_not_going":false,"_tribe_ticket_use_global_stock":"","_tribe_ticket_global_stock_level":"","_global_stock_mode":"","_global_stock_cap":"","_tribe_rsvp_for_event":"","_tribe_ticket_going_count":"","_tribe_ticket_not_going_count":"","_tribe_tickets_list":"[]","_tribe_ticket_has_attendee_info_fields":false,"_EventAllDay":false,"_EventTimezone":"","_EventStartDate":"","_EventEndDate":"","_EventStartDateUTC":"","_EventEndDateUTC":"","_EventShowMap":false,"_EventShowMapLink":false,"_EventURL":"","_EventCost":"","_EventCostDescription":"","_EventCurrencySymbol":"","_EventCurrencyCode":"","_EventCurrencyPosition":"","_EventDateTimeSeparator":"","_EventTimeRangeSeparator":"","_EventOrganizerID":[],"_EventVenueID":[],"_OrganizerEmail":"","_OrganizerPhone":"","_OrganizerWebsite":"","_VenueAddress":"","_VenueCity":"","_VenueCountry":"","_VenueProvince":"","_VenueState":"","_VenueZip":"","_VenuePhone":"","_VenueURL":"","_VenueStateProvince":"","_VenueLat":"","_VenueLng":"","_VenueShowMap":false,"_VenueShowMapLink":false,"footnotes":"","_tec_slr_enabled":"","_tec_slr_layout":""},"class_list":["post-1203","page","type-page","status-publish"],"acf":[],"yoast_head":"<!-- This site is optimized with the Yoast SEO plugin v27.5 - https:\/\/yoast.com\/product\/yoast-seo-wordpress\/ -->\n<title>Av\u00eds Legal | B\u00e0cum<\/title>\n<meta name=\"description\" content=\"Aquest Av\u00eds Legal estableix les condicions d&#039;\u00fas del lloc web https:\/\/www.bacum.info, propietat de B\u00e0cum.\" \/>\n<meta name=\"robots\" content=\"noindex, follow\" \/>\n<meta property=\"og:locale\" content=\"ca_ES\" \/>\n<meta property=\"og:type\" content=\"article\" \/>\n<meta property=\"og:title\" content=\"Av\u00eds Legal | B\u00e0cum\" \/>\n<meta property=\"og:description\" content=\"Aquest Av\u00eds Legal estableix les condicions d&#039;\u00fas del lloc web https:\/\/www.bacum.info, propietat de B\u00e0cum.\" \/>\n<meta property=\"og:url\" content=\"https:\/\/bacum.info\/ca\/avis-legal\/\" \/>\n<meta property=\"og:site_name\" content=\"B\u00e0cum\" \/>\n<meta property=\"article:publisher\" content=\"http:\/\/www.facebook.com\/bacum\" \/>\n<meta property=\"article:modified_time\" content=\"2024-08-27T07:27:22+00:00\" \/>\n<meta property=\"og:image\" content=\"https:\/\/bacum.info\/wp-content\/uploads\/2024\/01\/image-15.jpg\" \/>\n\t<meta property=\"og:image:width\" content=\"1440\" \/>\n\t<meta property=\"og:image:height\" content=\"665\" \/>\n\t<meta property=\"og:image:type\" content=\"image\/jpeg\" \/>\n<meta name=\"twitter:card\" content=\"summary_large_image\" \/>\n<meta name=\"twitter:site\" content=\"@bacumtweet\" \/>\n<meta name=\"twitter:label1\" content=\"Temps estimat de lectura\" \/>\n\t<meta name=\"twitter:data1\" content=\"3 minuts\" \/>\n<script type=\"application\/ld+json\" class=\"yoast-schema-graph\">{\"@context\":\"https:\\\/\\\/schema.org\",\"@graph\":[{\"@type\":\"WebPage\",\"@id\":\"https:\\\/\\\/bacum.info\\\/ca\\\/avis-legal\\\/\",\"url\":\"https:\\\/\\\/bacum.info\\\/ca\\\/avis-legal\\\/\",\"name\":\"Av\u00eds Legal | B\u00e0cum\",\"isPartOf\":{\"@id\":\"https:\\\/\\\/bacum.info\\\/ca\\\/#website\"},\"datePublished\":\"2024-01-26T08:54:03+00:00\",\"dateModified\":\"2024-08-27T07:27:22+00:00\",\"description\":\"Aquest Av\u00eds Legal estableix les condicions d'\u00fas del lloc web https:\\\/\\\/www.bacum.info, propietat de B\u00e0cum.\",\"breadcrumb\":{\"@id\":\"https:\\\/\\\/bacum.info\\\/ca\\\/avis-legal\\\/#breadcrumb\"},\"inLanguage\":\"ca\",\"potentialAction\":[{\"@type\":\"ReadAction\",\"target\":[\"https:\\\/\\\/bacum.info\\\/ca\\\/avis-legal\\\/\"]}]},{\"@type\":\"BreadcrumbList\",\"@id\":\"https:\\\/\\\/bacum.info\\\/ca\\\/avis-legal\\\/#breadcrumb\",\"itemListElement\":[{\"@type\":\"ListItem\",\"position\":1,\"name\":\"Portada\",\"item\":\"https:\\\/\\\/bacum.info\\\/ca\\\/\"},{\"@type\":\"ListItem\",\"position\":2,\"name\":\"Av\u00eds Legal\"}]},{\"@type\":\"WebSite\",\"@id\":\"https:\\\/\\\/bacum.info\\\/ca\\\/#website\",\"url\":\"https:\\\/\\\/bacum.info\\\/ca\\\/\",\"name\":\"B\u00e0cum\",\"description\":\"Artes esc\u00e9nicas y visuales\",\"publisher\":{\"@id\":\"https:\\\/\\\/bacum.info\\\/ca\\\/#organization\"},\"potentialAction\":[{\"@type\":\"SearchAction\",\"target\":{\"@type\":\"EntryPoint\",\"urlTemplate\":\"https:\\\/\\\/bacum.info\\\/ca\\\/?s={search_term_string}\"},\"query-input\":{\"@type\":\"PropertyValueSpecification\",\"valueRequired\":true,\"valueName\":\"search_term_string\"}}],\"inLanguage\":\"ca\"},{\"@type\":\"Organization\",\"@id\":\"https:\\\/\\\/bacum.info\\\/ca\\\/#organization\",\"name\":\"B\u00e0cum\",\"url\":\"https:\\\/\\\/bacum.info\\\/ca\\\/\",\"logo\":{\"@type\":\"ImageObject\",\"inLanguage\":\"ca\",\"@id\":\"https:\\\/\\\/bacum.info\\\/ca\\\/#\\\/schema\\\/logo\\\/image\\\/\",\"url\":\"https:\\\/\\\/bacum.info\\\/wp-content\\\/uploads\\\/2024\\\/01\\\/logo.png\",\"contentUrl\":\"https:\\\/\\\/bacum.info\\\/wp-content\\\/uploads\\\/2024\\\/01\\\/logo.png\",\"width\":85,\"height\":117,\"caption\":\"B\u00e0cum\"},\"image\":{\"@id\":\"https:\\\/\\\/bacum.info\\\/ca\\\/#\\\/schema\\\/logo\\\/image\\\/\"},\"sameAs\":[\"http:\\\/\\\/www.facebook.com\\\/bacum\",\"https:\\\/\\\/x.com\\\/bacumtweet\",\"https:\\\/\\\/www.instagram.com\\\/mucabdans\\\/\"]}]}<\/script>\n<!-- \/ Yoast SEO plugin. -->","yoast_head_json":{"title":"Av\u00eds Legal | B\u00e0cum","description":"Aquest Av\u00eds Legal estableix les condicions d'\u00fas del lloc web https:\/\/www.bacum.info, propietat de B\u00e0cum.","robots":{"index":"noindex","follow":"follow"},"og_locale":"ca_ES","og_type":"article","og_title":"Av\u00eds Legal | B\u00e0cum","og_description":"Aquest Av\u00eds Legal estableix les condicions d'\u00fas del lloc web https:\/\/www.bacum.info, propietat de B\u00e0cum.","og_url":"https:\/\/bacum.info\/ca\/avis-legal\/","og_site_name":"B\u00e0cum","article_publisher":"http:\/\/www.facebook.com\/bacum","article_modified_time":"2024-08-27T07:27:22+00:00","og_image":[{"width":1440,"height":665,"url":"https:\/\/bacum.info\/wp-content\/uploads\/2024\/01\/image-15.jpg","type":"image\/jpeg"}],"twitter_card":"summary_large_image","twitter_site":"@bacumtweet","twitter_misc":{"Temps estimat de lectura":"3 minuts"},"schema":{"@context":"https:\/\/schema.org","@graph":[{"@type":"WebPage","@id":"https:\/\/bacum.info\/ca\/avis-legal\/","url":"https:\/\/bacum.info\/ca\/avis-legal\/","name":"Av\u00eds Legal | B\u00e0cum","isPartOf":{"@id":"https:\/\/bacum.info\/ca\/#website"},"datePublished":"2024-01-26T08:54:03+00:00","dateModified":"2024-08-27T07:27:22+00:00","description":"Aquest Av\u00eds Legal estableix les condicions d'\u00fas del lloc web https:\/\/www.bacum.info, propietat de B\u00e0cum.","breadcrumb":{"@id":"https:\/\/bacum.info\/ca\/avis-legal\/#breadcrumb"},"inLanguage":"ca","potentialAction":[{"@type":"ReadAction","target":["https:\/\/bacum.info\/ca\/avis-legal\/"]}]},{"@type":"BreadcrumbList","@id":"https:\/\/bacum.info\/ca\/avis-legal\/#breadcrumb","itemListElement":[{"@type":"ListItem","position":1,"name":"Portada","item":"https:\/\/bacum.info\/ca\/"},{"@type":"ListItem","position":2,"name":"Av\u00eds Legal"}]},{"@type":"WebSite","@id":"https:\/\/bacum.info\/ca\/#website","url":"https:\/\/bacum.info\/ca\/","name":"B\u00e0cum","description":"Artes esc\u00e9nicas y visuales","publisher":{"@id":"https:\/\/bacum.info\/ca\/#organization"},"potentialAction":[{"@type":"SearchAction","target":{"@type":"EntryPoint","urlTemplate":"https:\/\/bacum.info\/ca\/?s={search_term_string}"},"query-input":{"@type":"PropertyValueSpecification","valueRequired":true,"valueName":"search_term_string"}}],"inLanguage":"ca"},{"@type":"Organization","@id":"https:\/\/bacum.info\/ca\/#organization","name":"B\u00e0cum","url":"https:\/\/bacum.info\/ca\/","logo":{"@type":"ImageObject","inLanguage":"ca","@id":"https:\/\/bacum.info\/ca\/#\/schema\/logo\/image\/","url":"https:\/\/bacum.info\/wp-content\/uploads\/2024\/01\/logo.png","contentUrl":"https:\/\/bacum.info\/wp-content\/uploads\/2024\/01\/logo.png","width":85,"height":117,"caption":"B\u00e0cum"},"image":{"@id":"https:\/\/bacum.info\/ca\/#\/schema\/logo\/image\/"},"sameAs":["http:\/\/www.facebook.com\/bacum","https:\/\/x.com\/bacumtweet","https:\/\/www.instagram.com\/mucabdans\/"]}]}},"ticketed":false,"_links":{"self":[{"href":"https:\/\/bacum.info\/ca\/wp-json\/wp\/v2\/pages\/1203","targetHints":{"allow":["GET"]}}],"collection":[{"href":"https:\/\/bacum.info\/ca\/wp-json\/wp\/v2\/pages"}],"about":[{"href":"https:\/\/bacum.info\/ca\/wp-json\/wp\/v2\/types\/page"}],"author":[{"embeddable":true,"href":"https:\/\/bacum.info\/ca\/wp-json\/wp\/v2\/users\/2"}],"replies":[{"embeddable":true,"href":"https:\/\/bacum.info\/ca\/wp-json\/wp\/v2\/comments?post=1203"}],"version-history":[{"count":4,"href":"https:\/\/bacum.info\/ca\/wp-json\/wp\/v2\/pages\/1203\/revisions"}],"predecessor-version":[{"id":1869,"href":"https:\/\/bacum.info\/ca\/wp-json\/wp\/v2\/pages\/1203\/revisions\/1869"}],"wp:attachment":[{"href":"https:\/\/bacum.info\/ca\/wp-json\/wp\/v2\/media?parent=1203"}],"curies":[{"name":"wp","href":"https:\/\/api.w.org\/{rel}","templated":true}]}}